{"id":130,"date":"2025-10-30T06:33:42","date_gmt":"2025-10-30T06:33:42","guid":{"rendered":"https:\/\/kosaidovn.com\/wp\/?page_id=130"},"modified":"2025-12-23T05:22:51","modified_gmt":"2025-12-23T05:22:51","slug":"job-search","status":"publish","type":"page","link":"https:\/\/kosaidovn.com\/vi\/job-search\/","title":{"rendered":"T\u00ecm ki\u1ebfm th\u00f4ng tin vi\u1ec7c l\u00e0m t\u1ea1i \u0111\u00e2y! Ch\u00fang t\u00f4i hi\u1ec7n c\u00f3 r\u1ea5t nhi\u1ec1u c\u01a1 h\u1ed9i vi\u1ec7c l\u00e0m h\u1ea5p d\u1eabn d\u00e0nh cho b\u1ea1n."},"content":{"rendered":"","protected":false},"excerpt":{"rendered":"","protected":false},"author":1,"featured_media":0,"parent":0,"menu_order":0,"comment_status":"closed","ping_status":"closed","template":"","meta":{"_acf_changed":false,"_locale":"vi","_original_post":"https:\/\/kosaidovn.com\/wp\/?page_id=84","footnotes":""},"class_list":["post-130","page","type-page","status-publish","hentry","vi"],"acf":[],"aioseo_notices":[],"_links":{"self":[{"href":"https:\/\/kosaidovn.com\/wp-json\/wp\/v2\/pages\/130","targetHints":{"allow":["GET"]}}],"collection":[{"href":"https:\/\/kosaidovn.com\/wp-json\/wp\/v2\/pages"}],"about":[{"href":"https:\/\/kosaidovn.com\/wp-json\/wp\/v2\/types\/page"}],"author":[{"embeddable":true,"href":"https:\/\/kosaidovn.com\/wp-json\/wp\/v2\/users\/1"}],"replies":[{"embeddable":true,"href":"https:\/\/kosaidovn.com\/wp-json\/wp\/v2\/comments?post=130"}],"version-history":[{"count":1,"href":"https:\/\/kosaidovn.com\/wp-json\/wp\/v2\/pages\/130\/revisions"}],"predecessor-version":[{"id":131,"href":"https:\/\/kosaidovn.com\/wp-json\/wp\/v2\/pages\/130\/revisions\/131"}],"wp:attachment":[{"href":"https:\/\/kosaidovn.com\/wp-json\/wp\/v2\/media?parent=130"}],"curies":[{"name":"wp","href":"https:\/\/api.w.org\/{rel}","templated":true}]}}