{"id":132,"date":"2025-10-30T07:21:13","date_gmt":"2025-10-30T07:21:13","guid":{"rendered":"https:\/\/kosaidovn.com\/wp\/?page_id=132"},"modified":"2025-12-23T05:21:29","modified_gmt":"2025-12-23T05:21:29","slug":"feature","status":"publish","type":"page","link":"https:\/\/kosaidovn.com\/vi\/about-us\/feature\/","title":{"rendered":"L\u00fd do ch\u1ecdn Kosaido HR Vietnam"},"content":{"rendered":"<div class=\"features_page\">\n<section class=\"clearfix\">\n<div class=\"features_list\">\n<div class=\"features_row\">\n<div class=\"features_box\">\n<div class=\"features_img\">\n<div class=\"features_number\">\n<p>01<\/p>\n<\/div>\n<p><img decoding=\"async\" src=\"https:\/\/kosaidovn.com\/wp\/wp-content\/themes\/kosaido\/images\/features_img01.jpg\" alt=\"C\u00f4ng ty nh\u00e2n s\u1ef1 Nh\u1eadt B\u1ea3n v\u1edbi h\u01a1n 10 n\u0103m ho\u1ea1t \u0111\u1ed9ng t\u1ea1i Vi\u1ec7t Nam\" \/><\/p>\n<\/div>\n<div class=\"features_info\">\n<div class=\"ttl\">\n<p>C\u00f4ng ty nh\u00e2n s\u1ef1 Nh\u1eadt B\u1ea3n<br \/>\nv\u1edbi h\u01a1n 10 n\u0103m ho\u1ea1t \u0111\u1ed9ng t\u1ea1i Vi\u1ec7t Nam<\/p>\n<\/div>\n<div class=\"des\">\n<p>T\u1eadp \u0111o\u00e0n Kosaido \u2013 c\u00f4ng ty m\u1eb9 \u2013 l\u00e0 doanh nghi\u1ec7p ni\u00eam y\u1ebft tr\u00ean s\u00e0n ch\u1ee9ng kho\u00e1n Tokyo Prime, v\u1edbi h\u01a1n 50 n\u0103m kinh nghi\u1ec7m trong l\u0129nh v\u1ef1c nh\u00e2n s\u1ef1 t\u1ea1i Nh\u1eadt B\u1ea3n.<br \/>\nT\u1ea1i Vi\u1ec7t Nam, k\u1ec3 t\u1eeb khi b\u1eaft \u0111\u1ea7u ho\u1ea1t \u0111\u1ed9ng v\u00e0o n\u0103m 2013, ch\u00fang t\u00f4i \u0111\u00e3 \u0111\u1ed3ng h\u00e0nh v\u00e0 h\u1ed7 tr\u1ee3 nhi\u1ec1u doanh nghi\u1ec7p Nh\u1eadt B\u1ea3n c\u0169ng nh\u01b0 c\u00e1c \u1ee9ng vi\u00ean ng\u01b0\u1eddi Nh\u1eadt.<br \/>\nB\u00ean c\u1ea1nh \u0111\u00f3, ch\u00fang t\u00f4i t\u00edch c\u1ef1c cung c\u1ea5p th\u00f4ng tin v\u00e0 \u0111\u01b0a ra c\u00e1c \u0111\u1ec1 xu\u1ea5t nh\u1eb1m gi\u00fap ng\u01b0\u1eddi Nh\u1eadt c\u00f3 th\u1ec3 l\u00e0m vi\u1ec7c \u1ed5n \u0111\u1ecbnh t\u1ea1i Vi\u1ec7t Nam.<br \/>\nV\u1edbi kinh nghi\u1ec7m l\u00e2u n\u0103m, c\u00f4ng ty s\u1ebd h\u1ed7 tr\u1ee3 to\u00e0n di\u1ec7n, t\u1eeb th\u1ee7 t\u1ee5c xin visa, th\u00f4ng tin c\u1ea7n thi\u1ebft cho cu\u1ed9c s\u1ed1ng, cho \u0111\u1ebfn vi\u1ec7c k\u1ebft n\u1ed1i v\u1edbi c\u00e1c c\u1ed9ng \u0111\u1ed3ng kh\u00e1c nhau.<\/p>\n<\/div>\n<\/div>\n<\/div>\n<\/div>\n<div class=\"features_row reverse\">\n<div class=\"features_box\">\n<div class=\"features_img\">\n<div class=\"features_number\">\n<p>02<\/p>\n<\/div>\n<p><img decoding=\"async\" src=\"https:\/\/kosaidovn.com\/wp\/wp-content\/themes\/kosaido\/images\/features_img02.jpg\" alt=\"Kinh nghi\u1ec7m phong ph\u00fa v\u00e0 th\u1ebf m\u1ea1nh t\u1ea1i Vi\u1ec7t Nam\" \/><\/p>\n<\/div>\n<div class=\"features_info\">\n<div class=\"ttl\">\n<p>Kinh nghi\u1ec7m phong ph\u00fa v\u00e0 th\u1ebf m\u1ea1nh t\u1ea1i Vi\u1ec7t Nam<\/p>\n<\/div>\n<div class=\"des\">\n<p>Cho \u0111\u1ebfn nay, ch\u00fang t\u00f4i \u0111\u00e3 c\u00f3 c\u01a1 h\u1ed9i k\u1ebft n\u1ed1i v\u00e0 h\u1ee3p t\u00e1c v\u1edbi h\u01a1n 4.000 doanh nghi\u1ec7p t\u1ea1i Vi\u1ec7t Nam.<br \/>\nCh\u00fang t\u00f4i c\u0169ng \u0111\u00e3 t\u01b0 v\u1ea5n cho h\u01a1n 1.000 ng\u01b0\u1eddi Nh\u1eadt t\u00ecm vi\u1ec7c v\u00e0 k\u1ebft n\u1ed1i nhi\u1ec1u c\u00f4ng vi\u1ec7c v\u1edbi \u1ee9ng vi\u00ean.<br \/>\nCh\u00ednh nh\u1edd qu\u00e1 tr\u00ecnh \u0111\u00f3, ch\u00fang t\u00f4i \u0111\u00e3 t\u00edch l\u0169y \u0111\u01b0\u1ee3c nhi\u1ec1u kinh nghi\u1ec7m th\u1ef1c ti\u1ec5n v\u00e0 th\u00e0nh c\u00f4ng t\u1ea1o ra nhi\u1ec1u c\u00f4ng vi\u1ec7c.<br \/>\n\u0110\u1ed9i ng\u0169 t\u01b0 v\u1ea5n vi\u00ean c\u1ee7a ch\u00fang t\u00f4i &#8211; nh\u1eefng ng\u01b0\u1eddi am hi\u1ec3u s\u00e2u r\u1ed9ng v\u1ec1 t\u1eebng ng\u00e0nh ngh\u1ec1 &#8211; lu\u00f4n t\u1eadn d\u1ee5ng ki\u1ebfn th\u1ee9c v\u00e0 kinh nghi\u1ec7m phong ph\u00fa \u0111\u1ec3 mang \u0111\u1ebfn s\u1ef1 h\u1ed7 tr\u1ee3 t\u1eadn t\u00e2m v\u00e0 \u0111\u00e1ng tin c\u1eady cho kh\u00e1ch h\u00e0ng.<br \/>\nNgo\u00e0i ra, ch\u00fang t\u00f4i c\u00f2n c\u00f3 c\u00e1c chuy\u00ean vi\u00ean t\u01b0 v\u1ea5n gi\u00e0u kinh nghi\u1ec7m trong l\u0129nh v\u1ef1c tuy\u1ec3n d\u1ee5ng c\u1ea5p qu\u1ea3n l\u00fd, h\u1ed7 tr\u1ee3 ph\u00e1t tri\u1ec3n s\u1ef1 nghi\u1ec7p th\u1ee9 hai cho c\u00e1c nh\u00e0 l\u00e3nh \u0111\u1ea1o v\u00e0 qu\u1ea3n l\u00fd c\u1ea5p cao.<\/p>\n<\/div>\n<\/div>\n<\/div>\n<\/div>\n<div class=\"features_row\">\n<div class=\"features_box\">\n<div class=\"features_img\">\n<div class=\"features_number\">\n<p>03<\/p>\n<\/div>\n<p><img decoding=\"async\" src=\"https:\/\/kosaidovn.com\/wp\/wp-content\/themes\/kosaido\/images\/features_img03.jpg\" alt=\"V\u00ec sao th\u00f4ng tin ngo\u00e0i n\u1ed9i dung tuy\u1ec3n d\u1ee5ng ch\u00ednh th\u1ee9c l\u1ea1i quan tr\u1ecdng\" \/><\/p>\n<\/div>\n<div class=\"features_info\">\n<div class=\"ttl\">\n<p>V\u00ec sao th\u00f4ng tin ngo\u00e0i n\u1ed9i dung tuy\u1ec3n d\u1ee5ng ch\u00ednh th\u1ee9c l\u1ea1i quan tr\u1ecdng<\/p>\n<\/div>\n<div class=\"des\">\n<p>Trong qu\u00e1 tr\u00ecnh chuy\u1ec3n vi\u1ec7c, d\u00f9 \u1ee9ng vi\u00ean \u0111\u00e1p \u1ee9ng \u0111\u1ea7y \u0111\u1ee7 c\u00e1c y\u00eau c\u1ea7u v\u00e0 ti\u00eau ch\u00ed \u0111\u01b0\u1ee3c n\u00eau trong b\u1ea3n m\u00f4 t\u1ea3 c\u00f4ng vi\u1ec7c, v\u1eabn c\u00f3 nhi\u1ec1u tr\u01b0\u1eddng h\u1ee3p kh\u00f4ng \u0111\u1ea1t \u0111\u01b0\u1ee3c k\u1ebft qu\u1ea3 nh\u01b0 mong mu\u1ed1n.<br \/>\n\u0110\u1eb7c bi\u1ec7t, \u0111\u1ed1i v\u1edbi c\u00e1c v\u1ecb tr\u00ed l\u00e0m vi\u1ec7c \u1edf n\u01b0\u1edbc ngo\u00e0i, xu h\u01b0\u1edbng n\u00e0y l\u1ea1i c\u00e0ng r\u00f5 r\u1ec7t h\u01a1n.<br \/>\nT\u1ea1i KOSAIDO HR, ch\u00fang t\u00f4i duy tr\u00ec m\u1ed1i quan h\u1ec7 g\u1eafn b\u00f3 s\u00e2u s\u1eafc v\u1edbi c\u00e1c nh\u00e0 qu\u1ea3n l\u00fd ng\u01b0\u1eddi Nh\u1eadt c\u1ee7a doanh nghi\u1ec7p tuy\u1ec3n d\u1ee5ng, t\u1eeb \u0111\u00f3 hi\u1ec3u r\u00f5 kh\u00f4ng ch\u1ec9 y\u00eau c\u1ea7u v\u1ec1 n\u0103ng l\u1ef1c m\u00e0 c\u00f2n c\u1ea3 v\u0103n h\u00f3a doanh nghi\u1ec7p, tri\u1ebft l\u00fd kinh doanh, c\u0169ng nh\u01b0 \u0111\u1eb7c \u0111i\u1ec3m c\u1ee7a t\u1eebng nh\u00e0 qu\u1ea3n l\u00fd ng\u01b0\u1eddi Nh\u1eadt.<br \/>\nD\u1ef1a tr\u00ean s\u1ef1 th\u1ea5u hi\u1ec3u to\u00e0n di\u1ec7n n\u00e0y, ch\u00fang t\u00f4i gi\u1edbi thi\u1ec7u cho \u1ee9ng vi\u00ean nh\u1eefng c\u01a1 h\u1ed9i vi\u1ec7c l\u00e0m th\u1eadt s\u1ef1 ph\u00f9 h\u1ee3p v\u00e0 b\u1ec1n v\u1eefng.<\/p>\n<\/div>\n<\/div>\n<\/div>\n<\/div>\n<div class=\"features_row reverse\">\n<div class=\"features_box\">\n<div class=\"features_img\">\n<div class=\"features_number\">\n<p>04<\/p>\n<\/div>\n<p><img decoding=\"async\" src=\"https:\/\/kosaidovn.com\/wp\/wp-content\/themes\/kosaido\/images\/features_img04.jpg\" alt=\"X\u00e2y d\u1ef1ng c\u00e2u chuy\u1ec7n s\u1ef1 nghi\u1ec7p c\u1ee7a b\u1ea3n th\u00e2n\" \/><\/p>\n<\/div>\n<div class=\"features_info\">\n<div class=\"ttl\">\n<p>X\u00e2y d\u1ef1ng c\u00e2u chuy\u1ec7n s\u1ef1 nghi\u1ec7p c\u1ee7a b\u1ea3n th\u00e2n<\/p>\n<\/div>\n<div class=\"des\">\n<p>Khi ngh\u0129 v\u1ec1 s\u1ef1 nghi\u1ec7p l\u00e2u d\u00e0i c\u1ee7a b\u1ea1n, \u201cc\u00e2u chuy\u1ec7n s\u1ef1 nghi\u1ec7p\u201d (career story) \u0111\u00f3ng vai tr\u00f2 v\u00f4 c\u00f9ng quan tr\u1ecdng.<br \/>\nCh\u00fang t\u00f4i mong mu\u1ed1n c\u00f9ng b\u1ea1n suy ngh\u0129 v\u00e0 \u0111\u1ecbnh h\u00ecnh m\u1ed9t c\u00e2u chuy\u1ec7n s\u1ef1 nghi\u1ec7p v\u00e0 cu\u1ed9c \u0111\u1eddi m\u00e0 b\u1ea1n mu\u1ed1n x\u00e2y d\u1ef1ng trong t\u01b0\u01a1ng lai d\u1ef1a tr\u00ean ho\u00e0n c\u1ea3nh v\u00e0 m\u1ee5c ti\u00eau c\u00e1 nh\u00e2n c\u1ee7a m\u1ed7i ng\u01b0\u1eddi.<br \/>\nCh\u00fang t\u00f4i s\u1ebd t\u00ecm ki\u1ebfm c\u01a1 h\u1ed9i vi\u1ec7c l\u00e0m t\u1ed1t nh\u1ea5t cho b\u1ea1n, \u0111\u1ec3 cu\u1ed9c s\u1ed1ng c\u1ee7a b\u1ea1n tr\u1edf n\u00ean phong ph\u00fa h\u01a1n.<br \/>\nT\u1ea1i Vi\u1ec7t Nam, ch\u00fang t\u00f4i s\u1ebd \u0111\u01b0a ra nh\u1eefng \u0111\u1ec1 xu\u1ea5t \u0111a g\u00f3c \u0111\u1ed9, gi\u00fap b\u1ea1n x\u00e1c \u0111\u1ecbnh n\u00ean th\u1eed s\u1ee9c \u1edf l\u0129nh v\u1ef1c n\u00e0o ngay l\u00fac n\u00e0y v\u00e0 nh\u1eefng l\u1ef1a ch\u1ecdn ngh\u1ec1 nghi\u1ec7p kh\u1ea3 thi trong t\u01b0\u01a1ng lai.<\/p>\n<\/div>\n<\/div>\n<\/div>\n<\/div>\n<\/div>\n<\/section>\n<\/div>\n","protected":false},"excerpt":{"rendered":"<p>01 C\u00f4ng ty nh\u00e2n s\u1ef1 Nh\u1eadt B\u1ea3n v\u1edbi h\u01a1n 10 n\u0103m ho\u1ea1t \u0111\u1ed9ng t\u1ea1i Vi\u1ec7t Nam T\u1eadp \u0111o\u00e0n Kosaido \u2013 c\u00f4ng ty m\u1eb9 \u2013 l\u00e0 doanh nghi\u1ec7p ni\u00eam y\u1ebft tr\u00ean s\u00e0n ch\u1ee9ng kho\u00e1n Tokyo Prime, v\u1edbi h\u01a1n 50 n\u0103m kinh nghi\u1ec7m trong l\u0129nh v\u1ef1c nh\u00e2n s\u1ef1 t\u1ea1i Nh\u1eadt B\u1ea3n. T\u1ea1i Vi\u1ec7t Nam, k\u1ec3 t\u1eeb khi [&hellip;]<\/p>\n","protected":false},"author":1,"featured_media":0,"parent":136,"menu_order":0,"comment_status":"closed","ping_status":"closed","template":"","meta":{"_acf_changed":false,"_locale":"vi","_original_post":"https:\/\/kosaidovn.com\/wp\/?page_id=12","footnotes":""},"class_list":["post-132","page","type-page","status-publish","hentry","vi"],"acf":[],"aioseo_notices":[],"_links":{"self":[{"href":"https:\/\/kosaidovn.com\/wp-json\/wp\/v2\/pages\/132","targetHints":{"allow":["GET"]}}],"collection":[{"href":"https:\/\/kosaidovn.com\/wp-json\/wp\/v2\/pages"}],"about":[{"href":"https:\/\/kosaidovn.com\/wp-json\/wp\/v2\/types\/page"}],"author":[{"embeddable":true,"href":"https:\/\/kosaidovn.com\/wp-json\/wp\/v2\/users\/1"}],"replies":[{"embeddable":true,"href":"https:\/\/kosaidovn.com\/wp-json\/wp\/v2\/comments?post=132"}],"version-history":[{"count":10,"href":"https:\/\/kosaidovn.com\/wp-json\/wp\/v2\/pages\/132\/revisions"}],"predecessor-version":[{"id":244,"href":"https:\/\/kosaidovn.com\/wp-json\/wp\/v2\/pages\/132\/revisions\/244"}],"up":[{"embeddable":true,"href":"https:\/\/kosaidovn.com\/wp-json\/wp\/v2\/pages\/136"}],"wp:attachment":[{"href":"https:\/\/kosaidovn.com\/wp-json\/wp\/v2\/media?parent=132"}],"curies":[{"name":"wp","href":"https:\/\/api.w.org\/{rel}","templated":true}]}}