{"id":146,"date":"2025-10-30T07:49:01","date_gmt":"2025-10-30T07:49:01","guid":{"rendered":"https:\/\/kosaidovn.com\/wp\/?page_id=146"},"modified":"2025-12-23T05:21:56","modified_gmt":"2025-12-23T05:21:56","slug":"flow","status":"publish","type":"page","link":"https:\/\/kosaidovn.com\/vi\/about-us\/flow\/","title":{"rendered":"V\u1ec1 Kosaido HR Vietnam <br>Quy tr\u00ecnh t\u00ecm vi\u1ec7c v\u00e0 chuy\u1ec3n vi\u1ec7c"},"content":{"rendered":"<div class=\"flow_page\">\n<div class=\"flow_list\">\n<div class=\"flow_row\">\n<div class=\"flow_box\">\n<div class=\"flow_number\">\n<div class=\"txt\">\n<p>Step<\/p>\n<\/div>\n<div class=\"number\">\n<p>1<\/p>\n<\/div>\n<\/div>\n<div class=\"flow_content\">\n<div class=\"flow_ttl\">\n<p>Li\u00ean h\u1ec7<\/p>\n<\/div>\n<div class=\"flow_des\">\n<p>Vui l\u00f2ng \u0111i\u1ec1n th\u00f4ng tin v\u00e0o bi\u1ec3u m\u1eabu li\u00ean h\u1ec7 tr\u00ean trang web, v\u00e0 n\u1ebfu b\u1ea1n c\u00f3 s\u01a1 y\u1ebfu l\u00fd l\u1ecbch ho\u1eb7c b\u1ea3n m\u00f4 t\u1ea3 kinh nghi\u1ec7m l\u00e0m vi\u1ec7c, xin vui l\u00f2ng g\u1eedi k\u00e8m theo.<br \/>\nCh\u00fang t\u00f4i s\u1ebd li\u00ean h\u1ec7 l\u1ea1i trong v\u00f2ng 3 ng\u00e0y l\u00e0m vi\u1ec7c sau khi nh\u1eadn \u0111\u01b0\u1ee3c y\u00eau c\u1ea7u c\u1ee7a b\u1ea1n.<\/p>\n<\/div>\n<\/div>\n<div class=\"flow_image\">\n<p><img decoding=\"async\" src=\"https:\/\/kosaidovn.com\/wp\/wp-content\/themes\/kosaido\/images\/flow_img01.jpg\" alt=\"Li\u00ean h\u1ec7\" \/><\/p>\n<\/div>\n<\/div>\n<\/div>\n<div class=\"flow_row\">\n<div class=\"flow_box\">\n<div class=\"flow_number\">\n<div class=\"txt\">\n<p>Step<\/p>\n<\/div>\n<div class=\"number\">\n<p>2<\/p>\n<\/div>\n<\/div>\n<div class=\"flow_content\">\n<div class=\"flow_ttl\">\n<p>T\u01b0 v\u1ea5n<\/p>\n<\/div>\n<div class=\"flow_des\">\n<p>B\u1ea1n s\u1ebd g\u1eb7p chuy\u00ean vi\u00ean t\u01b0 v\u1ea5n tr\u1ef1c ti\u1ebfp ho\u1eb7c tr\u1ef1c tuy\u1ebfn.<br \/>\nTrong bu\u1ed5i trao \u0111\u1ed5i, t\u01b0 v\u1ea5n vi\u00ean s\u1ebd l\u1eafng nghe v\u1ec1 kinh nghi\u1ec7m l\u00e0m vi\u1ec7c v\u00e0 nguy\u1ec7n v\u1ecdng c\u1ee7a b\u1ea1n, \u0111\u1ed3ng th\u1eddi \u0111\u1ec1 xu\u1ea5t k\u1ebf ho\u1ea1ch ph\u00e1t tri\u1ec3n s\u1ef1 nghi\u1ec7p ph\u00f9 h\u1ee3p nh\u1ea5t cho b\u1ea1n.<\/p>\n<\/div>\n<\/div>\n<div class=\"flow_image\">\n<p><img decoding=\"async\" src=\"https:\/\/kosaidovn.com\/wp\/wp-content\/themes\/kosaido\/images\/flow_img02.jpg\" alt=\"T\u01b0 v\u1ea5n\" \/><\/p>\n<\/div>\n<\/div>\n<\/div>\n<div class=\"flow_row\">\n<div class=\"flow_box\">\n<div class=\"flow_number\">\n<div class=\"txt\">\n<p>Step<\/p>\n<\/div>\n<div class=\"number\">\n<p>3<\/p>\n<\/div>\n<\/div>\n<div class=\"flow_content\">\n<div class=\"flow_ttl\">\n<p>Cung c\u1ea5p th\u00f4ng tin vi\u1ec7c l\u00e0m<\/p>\n<\/div>\n<div class=\"flow_des\">\n<p>D\u1ef1a tr\u00ean kinh nghi\u1ec7m v\u00e0 k\u1ef9 n\u0103ng c\u1ee7a b\u1ea1n, ch\u00fang t\u00f4i s\u1ebd gi\u1edbi thi\u1ec7u nh\u1eefng th\u00f4ng tin tuy\u1ec3n d\u1ee5ng ph\u00f9 h\u1ee3p v\u1edbi nguy\u1ec7n v\u1ecdng c\u1ee7a b\u1ea1n v\u00e0 h\u1ed7 tr\u1ee3 trong qu\u00e1 tr\u00ecnh \u1ee9ng tuy\u1ec3n.<br \/>\nNgo\u00e0i ra, ch\u00fang t\u00f4i c\u0169ng s\u1ebd cung c\u1ea5p th\u00f4ng tin v\u1ec1 \u0111\u1ecba \u0111i\u1ec3m l\u00e0m vi\u1ec7c v\u00e0 m\u00f4i tr\u01b0\u1eddng s\u1ed1ng t\u1ea1i n\u01a1i \u0111\u00f3.<\/p>\n<\/div>\n<\/div>\n<div class=\"flow_image\">\n<p><img decoding=\"async\" src=\"https:\/\/kosaidovn.com\/wp\/wp-content\/themes\/kosaido\/images\/flow_img03.jpg\" alt=\"Cung c\u1ea5p th\u00f4ng tin vi\u1ec7c l\u00e0m\" \/><\/p>\n<\/div>\n<\/div>\n<\/div>\n<div class=\"flow_row\">\n<div class=\"flow_box\">\n<div class=\"flow_number\">\n<div class=\"txt\">\n<p>Step<\/p>\n<\/div>\n<div class=\"number\">\n<p>4<\/p>\n<\/div>\n<\/div>\n<div class=\"flow_content\">\n<div class=\"flow_ttl\">\n<p>N\u1ed9p \u0111\u01a1n \u1ee9ng tuy\u1ec3n<\/p>\n<\/div>\n<div class=\"flow_des\">\n<p>Sau khi b\u1ea1n \u1ee9ng tuy\u1ec3n v\u00e0o v\u1ecb tr\u00ed tuy\u1ec3n d\u1ee5ng, ch\u00fang t\u00f4i s\u1ebd gi\u1edbi thi\u1ec7u h\u1ed3 s\u01a1 c\u1ee7a b\u1ea1n \u0111\u1ebfn doanh nghi\u1ec7p.\u2028 Ngo\u00e0i ra, n\u1ebfu c\u1ea7n thi\u1ebft, ch\u00fang t\u00f4i c\u0169ng s\u1ebd t\u01b0 v\u1ea5n c\u00e1ch vi\u1ebft s\u01a1 y\u1ebfu l\u00fd l\u1ecbch v\u00e0 b\u1ea3n t\u00f3m t\u1eaft kinh nghi\u1ec7m l\u00e0m vi\u1ec7c.<\/p>\n<\/div>\n<\/div>\n<div class=\"flow_image\">\n<p><img decoding=\"async\" src=\"https:\/\/kosaidovn.com\/wp\/wp-content\/themes\/kosaido\/images\/flow_img04.jpg\" alt=\"N\u1ed9p \u0111\u01a1n \u1ee9ng tuy\u1ec3n\" \/><\/p>\n<\/div>\n<\/div>\n<\/div>\n<div class=\"flow_row\">\n<div class=\"flow_box\">\n<div class=\"flow_number\">\n<div class=\"txt\">\n<p>Step<\/p>\n<\/div>\n<div class=\"number\">\n<p>5<\/p>\n<\/div>\n<\/div>\n<div class=\"flow_content\">\n<div class=\"flow_ttl\">\n<p>X\u00e9t duy\u1ec7t &#8211; Ph\u1ecfng v\u1ea5n<\/p>\n<\/div>\n<div class=\"flow_des\">\n<p>N\u1ebfu b\u1ea1n v\u01b0\u1ee3t qua v\u00f2ng x\u00e9t duy\u1ec7t h\u1ed3 s\u01a1, chuy\u00ean vi\u00ean t\u01b0 v\u1ea5n c\u1ee7a ch\u00fang t\u00f4i s\u1ebd s\u1eafp x\u1ebfp l\u1ecbch ph\u1ecfng v\u1ea5n cho b\u1ea1n.\u2028 Ngo\u00e0i ra, ch\u00fang t\u00f4i c\u0169ng s\u1ebd thay m\u1eb7t b\u1ea1n ti\u1ebfn h\u00e0nh c\u00e1c cu\u1ed9c th\u01b0\u01a1ng l\u01b0\u1ee3ng c\u1ea7n thi\u1ebft v\u1edbi doanh nghi\u1ec7p.<\/p>\n<\/div>\n<\/div>\n<div class=\"flow_image\">\n<p><img decoding=\"async\" src=\"https:\/\/kosaidovn.com\/wp\/wp-content\/themes\/kosaido\/images\/flow_img05.jpg\" alt=\"X\u00e9t duy\u1ec7t - Ph\u1ecfng v\u1ea5n\" \/><\/p>\n<\/div>\n<\/div>\n<\/div>\n<div class=\"flow_row\">\n<div class=\"flow_box\">\n<div class=\"flow_number\">\n<div class=\"txt\">\n<p>Step<\/p>\n<\/div>\n<div class=\"number\">\n<p>6<\/p>\n<\/div>\n<\/div>\n<div class=\"flow_content\">\n<div class=\"flow_ttl\">\n<p>Tr\u00fang tuy\u1ec3n &#8211; Gia nh\u1eadp c\u00f4ng ty<\/p>\n<\/div>\n<div class=\"flow_des\">\n<p>Vui l\u00f2ng li\u00ean h\u1ec7 v\u1edbi ch\u00fang t\u00f4i n\u1ebfu b\u1ea1n c\u00f3 b\u1ea5t k\u1ef3 th\u1eafc m\u1eafc n\u00e0o li\u00ean quan \u0111\u1ebfn th\u1ee7 t\u1ee5c xin gi\u1ea5y ph\u00e9p lao \u0111\u1ed9ng ho\u1eb7c c\u00e1c th\u00f4ng tin kh\u00e1c c\u1ea7n thi\u1ebft cho vi\u1ec7c \u0111i l\u1ea1i v\u00e0 l\u00e0m vi\u1ec7c.\u2028 Ch\u00fang t\u00f4i s\u1ebd h\u1ed7 tr\u1ee3 chu \u0111\u00e1o ngay c\u1ea3 sau khi b\u1ea1n nh\u1eadn \u0111\u01b0\u1ee3c th\u01b0 m\u1eddi l\u00e0m vi\u1ec7c, \u0111\u1ec3 b\u1ea1n c\u00f3 th\u1ec3 y\u00ean t\u00e2m gia nh\u1eadp c\u00f4ng ty.\u2028 \u0110\u1ed1i v\u1edbi nh\u1eefng ng\u01b0\u1eddi l\u1ea7n \u0111\u1ea7u ti\u00ean l\u00e0m vi\u1ec7c \u1edf n\u01b0\u1edbc ngo\u00e0i, ch\u00fang t\u00f4i c\u0169ng s\u1ebd t\u01b0 v\u1ea5n chi ti\u1ebft v\u1ec1 c\u00e1c b\u01b0\u1edbc chu\u1ea9n b\u1ecb c\u1ea7n thi\u1ebft t\u1ea1i Nh\u1eadt B\u1ea3n tr\u01b0\u1edbc khi sang Vi\u1ec7t Nam.<\/p>\n<\/div>\n<\/div>\n<div class=\"flow_image\">\n<p><img decoding=\"async\" src=\"https:\/\/kosaidovn.com\/wp\/wp-content\/themes\/kosaido\/images\/flow_img06.jpg\" alt=\"Tr\u00fang tuy\u1ec3n - Gia nh\u1eadp c\u00f4ng ty\" \/><\/p>\n<\/div>\n<\/div>\n<\/div>\n<\/div>\n<\/div>\n","protected":false},"excerpt":{"rendered":"<p>Step 1 Li\u00ean h\u1ec7 Vui l\u00f2ng \u0111i\u1ec1n th\u00f4ng tin v\u00e0o bi\u1ec3u m\u1eabu li\u00ean h\u1ec7 tr\u00ean trang web, v\u00e0 n\u1ebfu b\u1ea1n c\u00f3 s\u01a1 y\u1ebfu l\u00fd l\u1ecbch ho\u1eb7c b\u1ea3n m\u00f4 t\u1ea3 kinh nghi\u1ec7m l\u00e0m vi\u1ec7c, xin vui l\u00f2ng g\u1eedi k\u00e8m theo. Ch\u00fang t\u00f4i s\u1ebd li\u00ean h\u1ec7 l\u1ea1i trong v\u00f2ng 3 ng\u00e0y l\u00e0m vi\u1ec7c sau khi nh\u1eadn \u0111\u01b0\u1ee3c [&hellip;]<\/p>\n","protected":false},"author":1,"featured_media":0,"parent":136,"menu_order":0,"comment_status":"closed","ping_status":"closed","template":"","meta":{"_acf_changed":false,"_locale":"vi","_original_post":"https:\/\/kosaidovn.com\/wp\/?page_id=14","footnotes":""},"class_list":["post-146","page","type-page","status-publish","hentry","vi"],"acf":[],"aioseo_notices":[],"_links":{"self":[{"href":"https:\/\/kosaidovn.com\/wp-json\/wp\/v2\/pages\/146","targetHints":{"allow":["GET"]}}],"collection":[{"href":"https:\/\/kosaidovn.com\/wp-json\/wp\/v2\/pages"}],"about":[{"href":"https:\/\/kosaidovn.com\/wp-json\/wp\/v2\/types\/page"}],"author":[{"embeddable":true,"href":"https:\/\/kosaidovn.com\/wp-json\/wp\/v2\/users\/1"}],"replies":[{"embeddable":true,"href":"https:\/\/kosaidovn.com\/wp-json\/wp\/v2\/comments?post=146"}],"version-history":[{"count":5,"href":"https:\/\/kosaidovn.com\/wp-json\/wp\/v2\/pages\/146\/revisions"}],"predecessor-version":[{"id":245,"href":"https:\/\/kosaidovn.com\/wp-json\/wp\/v2\/pages\/146\/revisions\/245"}],"up":[{"embeddable":true,"href":"https:\/\/kosaidovn.com\/wp-json\/wp\/v2\/pages\/136"}],"wp:attachment":[{"href":"https:\/\/kosaidovn.com\/wp-json\/wp\/v2\/media?parent=146"}],"curies":[{"name":"wp","href":"https:\/\/api.w.org\/{rel}","templated":true}]}}