{"id":151,"date":"2025-10-30T10:16:16","date_gmt":"2025-10-30T10:16:16","guid":{"rendered":"https:\/\/kosaidovn.com\/wp\/?page_id=151"},"modified":"2026-01-09T03:40:22","modified_gmt":"2026-01-09T03:40:22","slug":"company","status":"publish","type":"page","link":"https:\/\/kosaidovn.com\/vi\/about-us\/company\/","title":{"rendered":"V\u1ec1 Kosaido HR Vietnam <br>Gi\u1edbi thi\u1ec7u c\u00f4ng ty"},"content":{"rendered":"<div class=\"company_page\">\n<section class=\"clearfix\">\n<div class=\"mission_sec\">\n<div class=\"mission_left\">\n<div class=\"mission_ttl\">\n<h3><span class=\"ja\">S\u1ee9 m\u1ec7nh<\/span><span class=\"en\">our mission<\/span><\/h3>\n<\/div>\n<div class=\"mission_img\">\n<p><img decoding=\"async\" src=\"https:\/\/kosaidovn.com\/wp\/wp-content\/themes\/kosaido\/images\/company_img01.jpg\" alt=\"S\u1ee9 m\u1ec7nh\" \/><\/p>\n<\/div>\n<\/div>\n<div class=\"mission_right\">\n<div class=\"mission_des\">\n<p>Ch\u00fang t\u00f4i l\u00e0 chi nh\u00e1nh n\u01b0\u1edbc ngo\u00e0i c\u1ee7a Kosaido Business Support COMPANY LIMITED, ph\u1ee5 tr\u00e1ch m\u1ea3ng nh\u00e2n s\u1ef1 thu\u1ed9c T\u1eadp \u0111o\u00e0n Kosaido Holdings (Nh\u1eadt B\u1ea3n).<br \/>\nT\u1ea1i Nh\u1eadt B\u1ea3n, t\u1eadp \u0111o\u00e0n \u0111\u00e3 c\u00f3 h\u01a1n 50 n\u0103m kinh nghi\u1ec7m trong l\u0129nh v\u1ef1c nh\u00e2n s\u1ef1, v\u00e0 t\u1ea1i Vi\u1ec7t Nam, ch\u00fang t\u00f4i c\u0169ng \u0111\u00e3 ch\u00ednh th\u1ee9c ho\u1ea1t \u0111\u1ed9ng t\u1eeb n\u0103m 2013.<\/p>\n<\/div>\n<div class=\"mission_ttl02\">\n<h4><span class=\"en\">S\u1ee9 m\u1ec7nh<\/span><span class=\"ja\">\u201cL\u00e0m phong ph\u00fa cu\u1ed9c s\u1ed1ng con ng\u01b0\u1eddi th\u00f4ng qua s\u1ef1 nghi\u1ec7p v\u00e0 gi\u00e1o d\u1ee5c.\u201d<\/span><\/h4>\n<\/div>\n<div class=\"mission_des02\">\n<p>Ch\u00fang t\u00f4i mong mu\u1ed1n mang \u0111\u1ebfn s\u1ef1 h\u1ed7 tr\u1ee3 to\u00e0n di\u1ec7n nh\u1eb1m gi\u00fap m\u1ecdi ng\u01b0\u1eddi t\u1ea1i Vi\u1ec7t Nam c\u00f3 m\u1ed9t cu\u1ed9c s\u1ed1ng phong ph\u00fa v\u00e0 \u00fd ngh\u0129a h\u01a1n.<br \/>\nTh\u00f4ng qua vi\u1ec7c h\u1ed7 tr\u1ee3 ph\u00e1t tri\u1ec3n s\u1ef1 nghi\u1ec7p, ch\u00fang t\u00f4i t\u1ea1o ra nh\u1eefng c\u01a1 h\u1ed9i v\u00e0 m\u00f4i tr\u01b0\u1eddng m\u1edbi \u0111\u1ec3 m\u1ed7i c\u00e1 nh\u00e2n c\u00f3 th\u1ec3 ph\u00e1t huy n\u0103ng l\u1ef1c, \u0111\u1ed3ng th\u1eddi \u0111\u00f3ng g\u00f3p v\u00e0o s\u1ef1 ph\u00e1t tri\u1ec3n c\u1ee7a c\u00e1c doanh nghi\u1ec7p m\u00e0 h\u1ecd l\u00e0m vi\u1ec7c.<br \/>\nB\u00ean c\u1ea1nh \u0111\u00f3, b\u1eb1ng vi\u1ec7c h\u1ed7 tr\u1ee3 trong l\u0129nh v\u1ef1c gi\u00e1o d\u1ee5c, ch\u00fang t\u00f4i gi\u00fap h\u1ecdc vi\u00ean ti\u1ebfp thu th\u00eam ki\u1ebfn th\u1ee9c v\u00e0 m\u1edf r\u1ed9ng g\u00f3c nh\u00ecn, \u0111\u1ec3 t\u1eeb \u0111\u00f3 c\u00f3 th\u1ec3 giao ti\u1ebfp s\u00e2u s\u1eafc h\u01a1n th\u00f4ng qua ng\u00f4n ng\u1eef, mang l\u1ea1i nh\u1eefng tr\u1ea3i nghi\u1ec7m phong ph\u00fa h\u01a1n trong c\u00f4ng vi\u1ec7c c\u0169ng nh\u01b0 cu\u1ed9c s\u1ed1ng c\u00e1 nh\u00e2n.<\/p>\n<p>Ch\u00fang t\u00f4i lu\u00f4n \u0111\u1eb7t tr\u1ecdng t\u00e2m v\u00e0o vi\u1ec7c l\u1eafng nghe v\u00e0 th\u1ea5u hi\u1ec3u t\u1eebng c\u00e1 nh\u00e2n, h\u01b0\u1edbng t\u1edbi s\u1ef1 \u0111\u1ed3ng h\u00e0nh t\u1eadn t\u00e2m v\u00e0 ch\u00e2n th\u00e0nh \u0111\u1ec3 mang \u0111\u1ebfn nh\u1eefng gi\u00e1 tr\u1ecb th\u1ef1c s\u1ef1 cho m\u1ed7i ng\u01b0\u1eddi.<\/p>\n<\/div>\n<\/div>\n<\/div>\n<\/section>\n<section class=\"clearfix service_section\">\n<div class=\"service_flex\">\n<div class=\"service_ttl\">\n<h3><span class=\"ja\">N\u1ed9i dung d\u1ecbch v\u1ee5<\/span><span class=\"en\">Service<\/span><\/h3>\n<\/div>\n<div class=\"service_list\">\n<div class=\"service_col\">\n<div class=\"sv_col_ttl\">\n<p><span class=\"ja\">D\u1ecbch v\u1ee5 gi\u1edbi thi\u1ec7u<\/span><span class=\"en\">Referral<\/span><\/p>\n<\/div>\n<div class=\"sv_col_img\">\n<p><img decoding=\"async\" src=\"https:\/\/kosaidovn.com\/wp\/wp-content\/themes\/kosaido\/images\/service_img02.png\" alt=\"D\u1ecbch v\u1ee5 gi\u1edbi thi\u1ec7u\" \/><\/p>\n<\/div>\n<div class=\"sv_col_des\">\n<p>Ch\u00fang t\u00f4i cung c\u1ea5p d\u1ecbch v\u1ee5 gi\u1edbi thi\u1ec7u vi\u1ec7c l\u00e0m t\u1ea1i Vi\u1ec7t Nam. D\u1ef1a tr\u00ean nguy\u1ec7n v\u1ecdng v\u00e0 kinh nghi\u1ec7m c\u1ee7a t\u1eebng \u1ee9ng vi\u00ean, ch\u00fang t\u00f4i s\u1ebd gi\u1edbi thi\u1ec7u c\u00f4ng vi\u1ec7c ph\u00f9 h\u1ee3p nh\u1ea5t.\u2028Ngo\u00e0i ra, ch\u00fang t\u00f4i c\u0169ng h\u1ed7 tr\u1ee3 c\u00e1c th\u1ee7 t\u1ee5c c\u1ea7n thi\u1ebft \u0111\u1ec3 l\u00e0m vi\u1ec7c t\u1ea1i Vi\u1ec7t Nam v\u00e0 cung c\u1ea5p th\u00f4ng tin li\u00ean quan \u0111\u1ebfn \u0111\u1eddi s\u1ed1ng, c\u00f4ng vi\u1ec7c,\u2028N\u1ebfu c\u00f3 b\u1ea5t k\u1ef3 th\u1eafc m\u1eafc n\u00e0o, xin vui l\u00f2ng li\u00ean h\u1ec7 v\u1edbi ch\u00fang t\u00f4i.<\/p>\n<\/div>\n<\/div>\n<div class=\"service_col\">\n<div class=\"sv_col_ttl\">\n<p><span class=\"ja\">D\u1ecbch v\u1ee5 \u0111\u00e0o t\u1ea1o<\/span><span class=\"en\">Training<\/span><\/p>\n<\/div>\n<div class=\"sv_col_img\">\n<p><img decoding=\"async\" src=\"https:\/\/kosaidovn.com\/wp\/wp-content\/themes\/kosaido\/images\/service_img03.png\" alt=\"D\u1ecbch v\u1ee5 \u0111\u00e0o t\u1ea1o\" \/><\/p>\n<\/div>\n<div class=\"sv_col_des\">\n<p>Ch\u00fang t\u00f4i cung c\u1ea5p d\u1ecbch v\u1ee5 \u0111\u00e0o t\u1ea1o n\u1ed9i b\u1ed9 d\u00e0nh cho doanh nghi\u1ec7p. Sau khi l\u1eafng nghe c\u00e1c v\u1ea5n \u0111\u1ec1 v\u00e0 nhu c\u1ea7u c\u1ee5 th\u1ec3 c\u1ee7a t\u1eebng doanh nghi\u1ec7p, ch\u00fang t\u00f4i s\u1ebd c\u00f9ng v\u1edbi gi\u1ea3ng vi\u00ean chuy\u00ean nghi\u1ec7p, c\u00f3 nhi\u1ec1u kinh nghi\u1ec7m t\u1ea1i Vi\u1ec7t Nam, x\u00e2y d\u1ef1ng v\u00e0 cung c\u1ea5p ch\u01b0\u01a1ng tr\u00ecnh \u0111\u00e0o t\u1ea1o \u0111\u01b0\u1ee3c \u0111i\u1ec1u ch\u1ec9nh ph\u00f9 h\u1ee3p cho m\u1ed7i doanh nghi\u1ec7p. D\u1ecbch v\u1ee5 n\u00e0y \u0111\u00e3 \u0111\u01b0\u1ee3c nhi\u1ec1u doanh nghi\u1ec7p Nh\u1eadt B\u1ea3n t\u1ea1i Vi\u1ec7t Nam tin t\u01b0\u1edfng s\u1eed d\u1ee5ng v\u00e0 \u0111\u00e1nh gi\u00e1 cao v\u1ec1 ch\u1ea5t l\u01b0\u1ee3ng.<\/p>\n<\/div>\n<\/div>\n<div class=\"service_col\">\n<div class=\"sv_col_ttl\">\n<p><span class=\"ja\">D\u1ecbch v\u1ee5 ki\u1ec3m tra n\u0103ng l\u1ef1c<\/span><span class=\"en\">Aptitude testing<\/span><\/p>\n<\/div>\n<div class=\"sv_col_img\">\n<p><img decoding=\"async\" src=\"https:\/\/kosaidovn.com\/wp\/wp-content\/themes\/kosaido\/images\/service_img04.png\" alt=\"D\u1ecbch v\u1ee5 ki\u1ec3m tra n\u0103ng l\u1ef1c\" \/><\/p>\n<\/div>\n<div class=\"sv_col_des\">\n<p>Ch\u00fang t\u00f4i cung c\u1ea5p d\u1ecbch v\u1ee5 ki\u1ec3m tra n\u0103ng l\u1ef1c nh\u00e2n vi\u00ean nh\u01b0 Uchida-Kraepelin, c\u00f3 th\u1ec3 \u00e1p d\u1ee5ng cho c\u1ea3 nh\u00e2n s\u1ef1 n\u01b0\u1edbc ngo\u00e0i.\u2028D\u1ecbch v\u1ee5 n\u00e0y \u0111\u00e3 \u0111\u01b0\u1ee3c nhi\u1ec1u doanh nghi\u1ec7p, kh\u00f4ng ch\u1ec9 c\u00e1c c\u00f4ng ty Nh\u1eadt B\u1ea3n m\u00e0 c\u1ea3 c\u00e1c c\u00f4ng ty n\u01b0\u1edbc ngo\u00e0i, s\u1eed d\u1ee5ng trong qu\u00e1 tr\u00ecnh tuy\u1ec3n d\u1ee5ng, \u0111\u00e1nh gi\u00e1 nh\u00e2n s\u1ef1, ho\u1eb7c x\u00e9t th\u0103ng ch\u1ee9c.\u2028Th\u00f4ng qua vi\u1ec7c th\u1ef1c hi\u1ec7n b\u00e0i ki\u1ec3m tra, doanh nghi\u1ec7p c\u00f3 th\u1ec3 \u0111\u00e1nh gi\u00e1 v\u00e0 b\u1ed1 tr\u00ed nh\u00e2n s\u1ef1 m\u1ed9t c\u00e1ch kh\u00e1ch quan d\u1ef1a tr\u00ean d\u1eef li\u1ec7u, t\u1eeb \u0111\u00f3 th\u00fac \u0111\u1ea9y s\u1ef1 ph\u00e1t huy n\u0103ng l\u1ef1c c\u1ee7a nh\u00e2n vi\u00ean.<\/p>\n<\/div>\n<\/div>\n<\/div>\n<\/div>\n<\/section>\n<section class=\"clearfix\">\n<div class=\"company_flex\">\n<div class=\"company_head\">\n<div class=\"company_ttl\">\n<h3><span class=\"ja\">Gi\u1edbi thi\u1ec7u c\u00f4ng ty<\/span><span class=\"en\">Company Profile<\/span><\/h3>\n<\/div>\n<div class=\"company_logo\">\n<p><img decoding=\"async\" src=\"https:\/\/kosaidovn.com\/wp\/wp-content\/themes\/kosaido\/images\/company_logo.png\" alt=\"Gi\u1edbi thi\u1ec7u c\u00f4ng ty\" width=\"381\" \/><\/p>\n<\/div>\n<\/div>\n<div class=\"company_table\">\n<dl>\n<dt>T\u00ean c\u00f4ng ty<\/dt>\n<dd>KOSAIDO HR VIETNAM COMPANY LIMITED<\/dd>\n<\/dl>\n<dl>\n<dt>\u0110\u1ecba ch\u1ec9<\/dt>\n<dd>T\u1ea7ng1, 131 Ho\u00e0ng C\u1ea7u, Ph\u01b0\u1eddng \u0110\u1ed1ng \u0110a, Th\u00e0nh ph\u1ed1 H\u00e0 N\u1ed9i<br \/>\n*Vui l\u00f2ng \u0111\u1ebfn v\u0103n ph\u00f2ng t\u1ea1i H\u00e0 N\u1ed9i.<\/dd>\n<\/dl>\n<dl>\n<dt>Ng\u01b0\u1eddi \u0111\u1ea1i di\u1ec7n<\/dt>\n<dd>Ch\u1ee7 t\u1ecbch ki\u00eam T\u1ed5ng Gi\u00e1m \u0111\u1ed1c Miura Kosuke<\/dd>\n<\/dl>\n<dl>\n<dt>L\u0129nh v\u1ef1c ho\u1ea1t \u0111\u1ed9ng<\/dt>\n<dd>Gi\u1edbi thi\u1ec7u nh\u00e2n s\u1ef1, \u0111\u00e0o t\u1ea1o nh\u00e2n s\u1ef1, ki\u1ec3m tra n\u0103ng l\u1ef1c, v\u00e0 c\u00e1c d\u1ecbch v\u1ee5 t\u01b0 v\u1ea5n nh\u00e2n s\u1ef1 kh\u00e1c<\/dd>\n<\/dl>\n<\/div>\n<\/div>\n<\/section>\n<section class=\"clearfix\">\n<div class=\"location_flex\">\n<div class=\"location_col none\">\n<div class=\"location_box\">\n<div class=\"location_ttl\">\n<p>V\u0103n ph\u00f2ng H\u1ed3 Ch\u00ed Minh<\/p>\n<\/div>\n<div class=\"location_in\">\n<p>Ho Chi Minh city<\/p>\n<\/div>\n<div class=\"location_info\">\n<dl>\n<dt>\u0110\u1ecba ch\u1ec9<\/dt>\n<dd>3F, 29 Bis Nguy\u1ec5n \u0110\u00ecnh Chi\u1ec3u, Ph\u01b0\u1eddng S\u00e0i G\u00f2n, Th\u00e0nh ph\u1ed1 H\u1ed3 Ch\u00ed Minh<\/dd>\n<\/dl>\n<dl>\n<dt>S\u1ed1 \u0111i\u1ec7n tho\u1ea1i<\/dt>\n<dd><a class=\"sweetlink\" href=\"tel:(+84 28) 3821 3660\">(+84 28) 3821 3660<\/a><\/dd>\n<\/dl>\n<\/div>\n<div class=\"location_map\"><iframe loading=\"lazy\" style=\"border: 0;\" src=\"https:\/\/www.google.com\/maps\/embed?pb=!1m18!1m12!1m3!1d3919.3196863181665!2d106.69578421180596!3d10.786808989318242!2m3!1f0!2f0!3f0!3m2!1i1024!2i768!4f13.1!3m3!1m2!1s0x31752f41175d4a05%3A0x1c3481aa810190b3!2z5buj5riI5aCCSFLjg5njg4jjg4rjg6A!5e0!3m2!1svi!2s!4v1761042491322!5m2!1svi!2s\" width=\"600\" height=\"450\" allowfullscreen=\"allowfullscreen\"><\/iframe><\/div>\n<\/div>\n<\/div>\n<div class=\"location_col\">\n<div class=\"location_box\">\n<div class=\"location_ttl\">\n<p>V\u0103n ph\u00f2ng H\u00e0 N\u1ed9i<\/p>\n<\/div>\n<div class=\"location_in\">\n<p>Ha Noi<\/p>\n<\/div>\n<div class=\"location_info\">\n<dl>\n<dt>\u0110\u1ecba ch\u1ec9<\/dt>\n<dd>T\u1ea7ng 1, 131 Ho\u00e0ng C\u1ea7u, Ph\u01b0\u1eddng \u0110\u1ed1ng \u0110a, Th\u00e0nh ph\u1ed1 H\u00e0 N\u1ed9i<\/dd>\n<\/dl>\n<dl>\n<dt>S\u1ed1 \u0111i\u1ec7n tho\u1ea1i<\/dt>\n<dd><a class=\"sweetlink\" href=\"tel:(+84 24) 3201-9102\">(+84 24) 3201-9102<\/a><\/dd>\n<\/dl>\n<\/div>\n<div class=\"location_map\"><iframe loading=\"lazy\" style=\"border: 0;\" src=\"https:\/\/www.google.com\/maps\/embed?pb=!1m18!1m12!1m3!1d3724.4132738297712!2d105.81890651196139!3d21.01614368054929!2m3!1f0!2f0!3f0!3m2!1i1024!2i768!4f13.1!3m3!1m2!1s0x3135ab8b527001c3%3A0x720c7f2749d483f5!2sYuki%20Center%20-%20Japanese%20School!5e0!3m2!1svi!2s!4v1761042661431!5m2!1svi!2s\" width=\"600\" height=\"450\" allowfullscreen=\"allowfullscreen\"><\/iframe><\/div>\n<\/div>\n<\/div>\n<\/div>\n<\/section>\n<section class=\"clearfix company_section\">\n<div class=\"company_section_ttl\">\n<h3><span class=\"ja\">C\u00e1c c\u00f4ng ty c\u00f9ng t\u1eadp \u0111o\u00e0n<\/span><span class=\"en\">Group companies<\/span><\/h3>\n<\/div>\n<div class=\"company_list02\">\n<div class=\"company_col02 find_out\">\n<div class=\"company_logo02\">\n<p><img decoding=\"async\" src=\"https:\/\/kosaidovn.com\/wp\/wp-content\/themes\/kosaido\/images\/company_logo01.png\" alt=\"NHAT LINH TRAINING AND TRADING COMPANY LIMITED\" width=\"246\" \/><\/p>\n<\/div>\n<div class=\"company_ttl02\">\n<p>NHAT LINH TRAINING AND TRADING COMPANY LIMITED<\/p>\n<\/div>\n<div class=\"company_des02\">\n<p>\uff08Trung t\u00e2m Nh\u1eadt ng\u1eef Yuki\uff09<\/p>\n<p>\u0110\u00e0o t\u1ea1o ti\u1ebfng Nh\u1eadt cho ng\u01b0\u1eddi Vi\u1ec7t.<\/p>\n<\/div>\n<\/div>\n<div class=\"company_col02 find_out\">\n<div class=\"company_logo02\">\n<p><img decoding=\"async\" src=\"https:\/\/kosaidovn.com\/wp\/wp-content\/themes\/kosaido\/images\/company_logo02.png\" alt=\"ZEN COMPANY LIMITED\" \/><\/p>\n<\/div>\n<div class=\"company_ttl02\">\n<p>ZEN COMPANY LIMITED<\/p>\n<\/div>\n<div class=\"company_des02\">\n<p>\uff08Trung t\u00e2m Ngo\u1ea1i ng\u1eef Zen\uff09<\/p>\n<p>\u0110\u00e0o t\u1ea1o ti\u1ebfng Vi\u1ec7t cho ng\u01b0\u1eddi Nh\u1eadt.<\/p>\n<\/div>\n<\/div>\n<div class=\"company_col02 find_out\">\n<div class=\"company_logo02\">\n<p><img decoding=\"async\" src=\"https:\/\/kosaidovn.com\/wp\/wp-content\/themes\/kosaido\/images\/company_logo03.png\" alt=\"KOSAIDO BUSINESS SUPPORT COMPANY LIMITED\" \/><\/p>\n<\/div>\n<div class=\"company_ttl02\">\n<p>KOSAIDO BUSINESS SUPPORT COMPANY LIMITED<\/p>\n<\/div>\n<div class=\"company_des02\">\n<p>\u2028Cung c\u1ea5p d\u1ecbch v\u1ee5 nh\u00e2n s\u1ef1 t\u1ea1i Nh\u1eadt B\u1ea3n nh\u01b0 gi\u1edbi thi\u1ec7u nh\u00e2n s\u1ef1 n\u01b0\u1edbc ngo\u00e0i v\u00e0 ph\u00e1i c\u1eed nh\u00e2n vi\u00ean.<\/p>\n<\/div>\n<\/div>\n<\/div>\n<\/section>\n<\/div>\n","protected":false},"excerpt":{"rendered":"<p>S\u1ee9 m\u1ec7nhour mission Ch\u00fang t\u00f4i l\u00e0 chi nh\u00e1nh n\u01b0\u1edbc ngo\u00e0i c\u1ee7a Kosaido Business Support COMPANY LIMITED, ph\u1ee5 tr\u00e1ch m\u1ea3ng nh\u00e2n s\u1ef1 thu\u1ed9c T\u1eadp \u0111o\u00e0n Kosaido Holdings (Nh\u1eadt B\u1ea3n). T\u1ea1i Nh\u1eadt B\u1ea3n, t\u1eadp \u0111o\u00e0n \u0111\u00e3 c\u00f3 h\u01a1n 50 n\u0103m kinh nghi\u1ec7m trong l\u0129nh v\u1ef1c nh\u00e2n s\u1ef1, v\u00e0 t\u1ea1i Vi\u1ec7t Nam, ch\u00fang t\u00f4i c\u0169ng \u0111\u00e3 ch\u00ednh th\u1ee9c [&hellip;]<\/p>\n","protected":false},"author":1,"featured_media":0,"parent":136,"menu_order":0,"comment_status":"closed","ping_status":"closed","template":"","meta":{"_acf_changed":false,"_locale":"vi","_original_post":"https:\/\/kosaidovn.com\/wp\/?page_id=16","footnotes":""},"class_list":["post-151","page","type-page","status-publish","hentry","vi"],"acf":[],"aioseo_notices":[],"_links":{"self":[{"href":"https:\/\/kosaidovn.com\/wp-json\/wp\/v2\/pages\/151","targetHints":{"allow":["GET"]}}],"collection":[{"href":"https:\/\/kosaidovn.com\/wp-json\/wp\/v2\/pages"}],"about":[{"href":"https:\/\/kosaidovn.com\/wp-json\/wp\/v2\/types\/page"}],"author":[{"embeddable":true,"href":"https:\/\/kosaidovn.com\/wp-json\/wp\/v2\/users\/1"}],"replies":[{"embeddable":true,"href":"https:\/\/kosaidovn.com\/wp-json\/wp\/v2\/comments?post=151"}],"version-history":[{"count":20,"href":"https:\/\/kosaidovn.com\/wp-json\/wp\/v2\/pages\/151\/revisions"}],"predecessor-version":[{"id":303,"href":"https:\/\/kosaidovn.com\/wp-json\/wp\/v2\/pages\/151\/revisions\/303"}],"up":[{"embeddable":true,"href":"https:\/\/kosaidovn.com\/wp-json\/wp\/v2\/pages\/136"}],"wp:attachment":[{"href":"https:\/\/kosaidovn.com\/wp-json\/wp\/v2\/media?parent=151"}],"curies":[{"name":"wp","href":"https:\/\/api.w.org\/{rel}","templated":true}]}}