{"id":166,"date":"2025-10-31T05:25:26","date_gmt":"2025-10-31T05:25:26","guid":{"rendered":"https:\/\/kosaidovn.com\/wp\/?page_id=166"},"modified":"2025-10-31T06:08:46","modified_gmt":"2025-10-31T06:08:46","slug":"for-employers","status":"publish","type":"page","link":"https:\/\/kosaidovn.com\/vi\/for-employers\/","title":{"rendered":"Th\u00f4ng tin d\u00e0nh cho Qu\u00fd Doanh nghi\u1ec7p"},"content":{"rendered":"<div class=\"for_employers_page\">\n<section class=\"clearfix for_employers_bg\">\n<div class=\"for_employers_ttl\">\n<h3>T\u1ed5ng quan v\u1ec1 c\u00e1c d\u1ecbch v\u1ee5 c\u1ee7a KOSAIDO<\/h3>\n<\/div>\n<p>Kosaido HR Vietnam n\u1ed5i b\u1eadt v\u1edbi d\u1ecbch v\u1ee5 tr\u1ecdn g\u00f3i, ch\u1ea5t l\u01b0\u1ee3ng cao, \u0111\u01b0\u1ee3c cung c\u1ea5p b\u1edfi c\u00e1c chuy\u00ean gia trong t\u1eebng l\u0129nh v\u1ef1c.<br \/>\nD\u1ecbch v\u1ee5 tuy\u1ec3n d\u1ee5ng c\u1ee7a ch\u00fang t\u00f4i \u0111\u01b0\u1ee3c ph\u1ee5 tr\u00e1ch b\u1edfi c\u00e1c chuy\u00ean gia t\u01b0 v\u1ea5n Nh\u1eadt B\u1ea3n gi\u00e0u kinh nghi\u1ec7m tuy\u1ec3n d\u1ee5ng t\u1ea1i Vi\u1ec7t Nam, c\u00f9ng v\u1edbi \u0111\u1ed9i ng\u0169 chuy\u00ean gia t\u01b0 v\u1ea5n Vi\u1ec7t Nam gi\u00e0u kinh nghi\u1ec7m trong c\u00f4ng t\u00e1c t\u00ecm ki\u1ebfm \u1ee9ng vi\u00ean, gi\u00fap \u0111\u1ea3m b\u1ea3o \u0111\u1ec1 xu\u1ea5t nh\u00e2n s\u1ef1 c\u00f3 \u0111\u1ed9 ch\u00ednh x\u00e1c cao v\u00e0 h\u1ed7 tr\u1ee3 t\u1ec9 m\u1ec9 trong su\u1ed1t qu\u00e1 tr\u00ecnh tuy\u1ec3n d\u1ee5ng.<br \/>\nC\u00e1c d\u1ecbch v\u1ee5 gi\u00e1o d\u1ee5c, \u0111\u00e0o t\u1ea1o v\u00e0 \u0111\u00e1nh gi\u00e1 n\u0103ng l\u1ef1c ngh\u1ec1 nghi\u1ec7p c\u0169ng \u0111\u01b0\u1ee3c th\u1ef1c hi\u1ec7n b\u1edfi c\u00e1c chuy\u00ean gia t\u01b0 v\u1ea5n Nh\u1eadt B\u1ea3n gi\u00e0u kinh nghi\u1ec7m, ph\u1ed1i h\u1ee3p c\u00f9ng \u0111\u1ed1i t\u00e1c ng\u01b0\u1eddi Vi\u1ec7t Nam khi c\u1ea7n thi\u1ebft \u0111\u1ec3 \u0111\u01b0a ra gi\u1ea3i ph\u00e1p ph\u00f9 h\u1ee3p cho t\u1eebng doanh nghi\u1ec7p. Nh\u1edd \u0111\u00f3, thay v\u00ec ph\u1ea3i l\u00e0m vi\u1ec7c v\u1edbi nhi\u1ec1u c\u00f4ng ty kh\u00e1c nhau, kh\u00e1ch h\u00e0ng c\u00f3 th\u1ec3 ho\u00e0n t\u1ea5t to\u00e0n b\u1ed9 quy tr\u00ecnh ch\u1ec9 v\u1edbi Kosaido HR Vietnam.<\/p>\n<\/section>\n<section class=\"clearfix\">\n<div class=\"fe_list\">\n<div class=\"fe_row\">\n<div class=\"fe_box\">\n<div class=\"fe_img\">\n<p><img decoding=\"async\" src=\"https:\/\/kosaidovn.com\/wp\/wp-content\/themes\/kosaido\/images\/fe_img01.jpg\" alt=\"D\u1ecbch v\u1ee5 gi\u1edbi thi\u1ec7u nh\u00e2n s\u1ef1\"><\/p>\n<div class=\"fe_number\">\n<p>01<\/p>\n<\/div>\n<\/div>\n<div class=\"fe_info\">\n<div class=\"fe_info_ttl\">\n<h3>D\u1ecbch v\u1ee5 gi\u1edbi thi\u1ec7u nh\u00e2n s\u1ef1<\/h3>\n<\/div>\n<div class=\"fe_info_des\">\n<p>D\u1ecbch v\u1ee5 gi\u1edbi thi\u1ec7u nh\u00e2n s\u1ef1 c\u1ee7a ch\u00fang t\u00f4i kh\u00f4ng gi\u1edbi h\u1ea1n theo qu\u1ed1c t\u1ecbch c\u1ee7a \u1ee9ng vi\u00ean.\u2028Trong su\u1ed1t qu\u00e1 tr\u00ecnh ho\u1ea1t \u0111\u1ed9ng, ch\u00fang t\u00f4i \u0111\u00e3 h\u1ed7 tr\u1ee3 tuy\u1ec3n d\u1ee5ng nh\u00e2n s\u1ef1 ng\u01b0\u1eddi Vi\u1ec7t Nam, ng\u01b0\u1eddi Nh\u1eadt B\u1ea3n, c\u0169ng nh\u01b0 \u1ee9ng vi\u00ean \u0111\u1ebfn t\u1eeb nhi\u1ec1u qu\u1ed1c gia kh\u00e1c.<br \/>\nT\u1ea1i Kosaido HR Vietnam, c\u00e1c chuy\u00ean vi\u00ean t\u01b0 v\u1ea5n ng\u01b0\u1eddi Nh\u1eadt gi\u00e0u kinh nghi\u1ec7m s\u1ebd tr\u1ef1c ti\u1ebfp t\u00ecm hi\u1ec3u chi ti\u1ebft v\u1ec1 ng\u00e0nh ngh\u1ec1, m\u00f4 h\u00ecnh kinh doanh v\u00e0 nhu c\u1ea7u nh\u00e2n s\u1ef1 c\u1ee7a doanh nghi\u1ec7p, \u0111\u1ed3ng th\u1eddi xem x\u00e9t c\u1ea3 y\u1ebfu t\u1ed1 t\u00ednh c\u00e1ch v\u00e0 ph\u1ea9m ch\u1ea5t m\u00e0 doanh nghi\u1ec7p mong mu\u1ed1n \u0111\u1ec3 \u0111\u01b0a ra \u0111\u1ec1 xu\u1ea5t ph\u00f9 h\u1ee3p nh\u1ea5t.<br \/>\nKh\u00f4ng ch\u1ec9 am hi\u1ec3u \u0111\u1eb7c th\u00f9 c\u1ee7a t\u1eebng ng\u00e0nh ngh\u1ec1 v\u00e0 v\u1ecb tr\u00ed c\u00f4ng vi\u1ec7c, ch\u00fang t\u00f4i c\u00f2n h\u01b0\u1edbng \u0111\u1ebfn vi\u1ec7c gi\u1edbi thi\u1ec7u nh\u1eefng \u1ee9ng vi\u00ean c\u00f3 th\u1ec3 gi\u1ea3i quy\u1ebft c\u00e1c v\u1ea5n \u0111\u1ec1 \u0111\u1eb7c th\u00f9 trong ho\u1ea1t \u0111\u1ed9ng c\u1ee7a doanh nghi\u1ec7p.\u2028B\u00ean c\u1ea1nh \u0111\u00f3, \u0111\u1ed9i ng\u0169 chuy\u00ean vi\u00ean ng\u01b0\u1eddi Nh\u1eadt c\u1ee7a ch\u00fang t\u00f4i c\u0169ng c\u00f3 kh\u1ea3 n\u0103ng h\u1ed7 tr\u1ee3 tuy\u1ec3n d\u1ee5ng nh\u00e2n s\u1ef1 c\u1ea5p cao v\u00e0 l\u00e3nh \u0111\u1ea1o, gi\u00fap doanh nghi\u1ec7p \u0111\u00e1p \u1ee9ng hi\u1ec7u qu\u1ea3 c\u00e1c th\u00e1ch th\u1ee9c trong qu\u1ea3n l\u00fd v\u00e0 ph\u00e1t tri\u1ec3n kinh doanh.<\/p>\n<\/div>\n<\/div>\n<\/div>\n<\/div>\n<div class=\"fe_row reverse\">\n<div class=\"fe_box\">\n<div class=\"fe_img\">\n<p><img decoding=\"async\" src=\"https:\/\/kosaidovn.com\/wp\/wp-content\/themes\/kosaido\/images\/fe_img02.jpg\" alt=\"D\u1ecbch v\u1ee5 \u0111\u00e0o t\u1ea1o\"><\/p>\n<div class=\"fe_number\">\n<p>02<\/p>\n<\/div>\n<\/div>\n<div class=\"fe_info\">\n<div class=\"fe_info_ttl\">\n<h3>D\u1ecbch v\u1ee5 \u0111\u00e0o t\u1ea1o<\/h3>\n<\/div>\n<div class=\"fe_info_des\">\n<p>D\u1ecbch v\u1ee5 \u0111\u00e0o t\u1ea1o c\u1ee7a ch\u00fang t\u00f4i t\u1eadp trung cung c\u1ea5p c\u00e1c ch\u01b0\u01a1ng tr\u00ecnh hu\u1ea5n luy\u1ec7n n\u1ed9i b\u1ed9 cho doanh nghi\u1ec7p. Ch\u00fang t\u00f4i cung c\u1ea5p n\u1ed9i dung \u0111a d\u1ea1ng ph\u00f9 h\u1ee3p v\u1edbi t\u1eebng c\u1ea5p \u0111\u1ed9 nh\u00e2n s\u1ef1, t\u1eeb l\u00e3nh \u0111\u1ea1o c\u1ea5p cao, qu\u1ea3n l\u00fd m\u1edbi \u0111\u01b0\u1ee3c b\u1ed5 nhi\u1ec7m cho \u0111\u1ebfn nh\u00e2n vi\u00ean th\u00f4ng th\u01b0\u1eddng. Trong th\u1eddi gian qua, d\u1ecbch v\u1ee5 n\u00e0y \u0111\u00e3 \u0111\u01b0\u1ee3c nhi\u1ec1u doanh nghi\u1ec7p thu\u1ed9c c\u00e1c l\u0129nh v\u1ef1c kh\u00e1c nhau nh\u01b0 s\u1ea3n xu\u1ea5t, d\u1ecbch v\u1ee5, th\u01b0\u01a1ng m\u1ea1i&#8230; s\u1eed d\u1ee5ng v\u00e0 nh\u1eadn \u0111\u01b0\u1ee3c ph\u1ea3n h\u1ed3i t\u00edch c\u1ef1c.<br \/>\n\u0110i\u1ec3m m\u1ea1nh c\u1ee7a ch\u00fang t\u00f4i l\u00e0 thi\u1ebft k\u1ebf ch\u01b0\u01a1ng tr\u00ecnh \u0111\u00e0o t\u1ea1o t\u00f9y ch\u1ec9nh theo y\u00eau c\u1ea7u c\u1ee5 th\u1ec3 c\u1ee7a t\u1eebng doanh nghi\u1ec7p, \u0111\u1ed3ng th\u1eddi ph\u00e2n c\u00f4ng c\u00e1c hu\u1ea5n luy\u1ec7n vi\u00ean ng\u01b0\u1eddi Vi\u1ec7t Nam gi\u00e0u kinh nghi\u1ec7m, am hi\u1ec3u s\u00e2u v\u1ec1 l\u0129nh v\u1ef1c \u0111\u00e0o t\u1ea1o. Nh\u1edd v\u1eady, Kosaido HR Vietnam c\u00f3 th\u1ec3 mang \u0111\u1ebfn c\u00e1c kh\u00f3a \u0111\u00e0o t\u1ea1o c\u00f3 ch\u1ea5t l\u01b0\u1ee3ng cao, th\u1ef1c ti\u1ec5n v\u00e0 hi\u1ec7u qu\u1ea3.<br \/>\nNgo\u00e0i ra, ch\u00fang t\u00f4i c\u0169ng c\u00f3 ch\u01b0\u01a1ng tr\u00ecnh \u0111\u00e0o t\u1ea1o d\u00e0nh ri\u00eang cho nh\u00e2n vi\u00ean ng\u01b0\u1eddi Nh\u1eadt, v\u00ec v\u1eady b\u1ea5t k\u1ef3 ai, b\u1ea5t k\u1ec3 qu\u1ed1c t\u1ecbch, \u0111\u1ec1u c\u00f3 th\u1ec3 s\u1eed d\u1ee5ng.<\/p>\n<\/div>\n<\/div>\n<\/div>\n<\/div>\n<div class=\"fe_row\">\n<div class=\"fe_box\">\n<div class=\"fe_img\">\n<p><img decoding=\"async\" src=\"https:\/\/kosaidovn.com\/wp\/wp-content\/themes\/kosaido\/images\/fe_img03.jpg\" alt=\"D\u1ecbch v\u1ee5 ki\u1ec3m tra n\u0103ng l\u1ef1c\"><\/p>\n<div class=\"fe_number\">\n<p>03<\/p>\n<\/div>\n<\/div>\n<div class=\"fe_info\">\n<div class=\"fe_info_ttl\">\n<h3>D\u1ecbch v\u1ee5 ki\u1ec3m tra n\u0103ng l\u1ef1c<\/h3>\n<\/div>\n<div class=\"fe_info_des\">\n<p>Ch\u00fang t\u00f4i l\u00e0 nh\u00e0 ph\u00e2n ph\u1ed1i \u0111\u1ed9c quy\u1ec1n t\u1ea1i Vi\u1ec7t Nam c\u1ee7a Uchida Cleverin, m\u1ed9t b\u00e0i ki\u1ec3m tra \u0111\u01b0\u1ee3c s\u1eed d\u1ee5ng t\u1ea1i nhi\u1ec1u qu\u1ed1c gia.<br \/>\nUchida Cleverin l\u00e0 m\u1ed9t ph\u01b0\u01a1ng ph\u00e1p ki\u1ec3m tra \u0111\u1ed9c \u0111\u00e1o, kh\u00f4ng ph\u1ee5 thu\u1ed9c v\u00e0o ng\u00f4n ng\u1eef v\u00e0 c\u00f3 th\u1ec3 \u0111o l\u01b0\u1eddng m\u1ee9c \u0111\u1ed9 th\u00f4ng minh c\u0169ng nh\u01b0 kh\u1ea3 n\u0103ng th\u1ef1c hi\u1ec7n c\u00f4ng vi\u1ec7c c\u1ee7a \u1ee9ng vi\u00ean. Th\u00f4ng qua b\u00e0i ki\u1ec3m tra n\u00e0y, doanh nghi\u1ec7p c\u00f3 th\u1ec3 x\u00e1c \u0111\u1ecbnh m\u1ee9c \u0111\u1ed9 ph\u00f9 h\u1ee3p gi\u1eefa \u1ee9ng vi\u00ean v\u1edbi c\u00f4ng vi\u1ec7c v\u00e0 v\u1ecb tr\u00ed \u0111\u1ea3m nhi\u1ec7m, t\u1eeb \u0111\u00f3 b\u1ed1 tr\u00ed nh\u00e2n s\u1ef1 h\u1ee3p l\u00fd v\u00e0 hi\u1ec7u qu\u1ea3 h\u01a1n.<br \/>\nNgo\u00e0i ra, trong qu\u00e1 tr\u00ecnh tuy\u1ec3n d\u1ee5ng, b\u00e0i ki\u1ec3m tra c\u00f2n gi\u00fap d\u1ef1 \u0111o\u00e1n tr\u01b0\u1edbc hi\u1ec7u su\u1ea5t l\u00e0m vi\u1ec7c c\u1ee7a \u1ee9ng vi\u00ean, g\u00f3p ph\u1ea7n gi\u1ea3m thi\u1ec3u t\u00ecnh tr\u1ea1ng tuy\u1ec3n d\u1ee5ng sai ng\u01b0\u1eddi.\u2028T\u1ea1i Vi\u1ec7t Nam, h\u00e0ng ngh\u00ecn ng\u01b0\u1eddi \u0111\u00e3 tham gia b\u00e0i ki\u1ec3m tra n\u00e0y, v\u00e0 \u0111ang ng\u00e0y c\u00e0ng \u0111\u01b0\u1ee3c nhi\u1ec1u doanh nghi\u1ec7p tin d\u00f9ng.<\/p>\n<\/div>\n<\/div>\n<\/div>\n<\/div>\n<div class=\"fe_row reverse\">\n<div class=\"fe_box\">\n<div class=\"fe_img\">\n<p><img decoding=\"async\" src=\"https:\/\/kosaidovn.com\/wp\/wp-content\/themes\/kosaido\/images\/fe_img04.jpg\" alt=\"D\u1ecbch v\u1ee5 \u0111\u00e0o t\u1ea1o ti\u1ebfng Nh\u1eadt\"><\/p>\n<div class=\"fe_number\">\n<p>04<\/p>\n<\/div>\n<\/div>\n<div class=\"fe_info\">\n<div class=\"fe_info_ttl\">\n<h3>D\u1ecbch v\u1ee5 \u0111\u00e0o t\u1ea1o ti\u1ebfng Nh\u1eadt<\/h3>\n<\/div>\n<div class=\"fe_info_des\">\n<p>C\u00f4ng ty th\u00e0nh vi\u00ean c\u1ee7a ch\u00fang t\u00f4i  \u2013 Trung t\u00e2m ti\u1ebfng Nh\u1eadt Yuki \u2013 cung c\u1ea5p ch\u01b0\u01a1ng tr\u00ecnh \u0111\u00e0o t\u1ea1o ti\u1ebfng Nh\u1eadt d\u00e0nh cho nh\u00e2n vi\u00ean doanh nghi\u1ec7p.<br \/>\nCh\u00fang t\u00f4i cung c\u1ea5p nhi\u1ec1u n\u1ed9i dung \u0111\u00e0o t\u1ea1o, bao g\u1ed3m c\u00e1c kh\u00f3a h\u1ecdc cho ng\u01b0\u1eddi m\u1edbi b\u1eaft \u0111\u1ea7u v\u00e0 ng\u01b0\u1eddi h\u1ecdc n\u00e2ng cao.<br \/>\nTrong th\u1eddi gian qua, trung t\u00e2m \u0111\u00e3 th\u1ef1c hi\u1ec7n nhi\u1ec1u kh\u00f3a \u0111\u00e0o t\u1ea1o nh\u01b0: Kh\u00f3a h\u1ed9i tho\u1ea1i c\u01a1 b\u1ea3n d\u00e0nh cho ng\u01b0\u1eddi chu\u1ea9n b\u1ecb sang c\u00f4ng t\u00e1c t\u1ea1i tr\u1ee5 s\u1edf ch\u00ednh \u1edf Nh\u1eadt B\u1ea3n, Kh\u00f3a \u0111\u00e0o t\u1ea1o giao ti\u1ebfp ti\u1ebfng Nh\u1eadt v\u1edbi c\u00e1c qu\u1ea3n l\u00fd ng\u01b0\u1eddi Nh\u1eadt, Kh\u00f3a cho ng\u01b0\u1eddi n\u00f3i ti\u1ebfng Nh\u1eadt n\u00e2ng cao \u0111\u1ec3 n\u00e2ng cao k\u1ef9 n\u0103ng s\u1eed d\u1ee5ng k\u00ednh ng\u1eef, bi\u00ean phi\u00ean d\u1ecbch,&#8230;<br \/>\nC\u00e1c ch\u01b0\u01a1ng tr\u00ecnh \u0111\u01b0\u1ee3c thi\u1ebft k\u1ebf ri\u00eang theo nhu c\u1ea7u c\u1ee7a t\u1eebng doanh nghi\u1ec7p, \u0111\u1ea3m b\u1ea3o t\u00ednh th\u1ef1c t\u1ebf v\u00e0 hi\u1ec7u qu\u1ea3.\u2028Ngo\u00e0i ra, trung t\u00e2m c\u0169ng c\u00f3 th\u1ec3 \u0111\u1ebfn tr\u1ef1c ti\u1ebfp doanh nghi\u1ec7p \u0111\u1ec3 gi\u1ea3ng d\u1ea1y, n\u00ean c\u00f3 th\u1ec3 linh ho\u1ea1t trong vi\u1ec7c \u0111i\u1ec1u ch\u1ec9nh n\u1ed9i dung v\u00e0 \u0111\u1ecba \u0111i\u1ec3m h\u1ecdc theo y\u00eau c\u1ea7u.<\/p>\n<\/div>\n<\/div>\n<\/div>\n<\/div>\n<div class=\"fe_row\">\n<div class=\"fe_box\">\n<div class=\"fe_img\">\n<p><img decoding=\"async\" src=\"https:\/\/kosaidovn.com\/wp\/wp-content\/themes\/kosaido\/images\/fe_img05.jpg\" alt=\"D\u1ecbch v\u1ee5 \u0111\u00e0o t\u1ea1o ti\u1ebfng Vi\u1ec7t\"><\/p>\n<div class=\"fe_number\">\n<p>05<\/p>\n<\/div>\n<\/div>\n<div class=\"fe_info\">\n<div class=\"fe_info_ttl\">\n<h3>D\u1ecbch v\u1ee5 \u0111\u00e0o t\u1ea1o ti\u1ebfng Vi\u1ec7t<\/h3>\n<\/div>\n<div class=\"fe_info_des\">\n<p>C\u00f4ng ty th\u00e0nh vi\u00ean c\u1ee7a ch\u00fang t\u00f4i \u2013 Trung t\u00e2m Ngo\u1ea1i ng\u1eef Zen \u2013 cung c\u1ea5p kh\u00f3a h\u1ecdc ti\u1ebfng Vi\u1ec7t d\u00e0nh cho nh\u00e2n vi\u00ean ng\u01b0\u1eddi Nh\u1eadt.<br \/>\nZen c\u00f3 b\u1ec1 d\u00e0y kinh nghi\u1ec7m trong vi\u1ec7c gi\u1ea3ng d\u1ea1y ti\u1ebfng Vi\u1ec7t cho ng\u01b0\u1eddi Nh\u1eadt, v\u1edbi h\u01a1n 2.000 h\u1ecdc vi\u00ean \u0111\u00e3 t\u1ed1t nghi\u1ec7p v\u00e0 hi\u1ec7n v\u1eabn c\u00f3 kho\u1ea3ng 100 h\u1ecdc vi\u00ean \u0111ang theo h\u1ecdc.<br \/>\nT\u1ea1i H\u00e0 N\u1ed9i v\u00e0 TP. H\u1ed3 Ch\u00ed Minh, Zen c\u00f3 th\u1ec3 t\u1ed5 ch\u1ee9c l\u1edbp h\u1ecdc tr\u1ef1c ti\u1ebfp t\u1ea1i trung t\u00e2m, t\u1ea1i nh\u00e0 ri\u00eang ho\u1eb7c t\u1ea1i v\u0103n ph\u00f2ng doanh nghi\u1ec7p.\u2028\u0110\u1ed1i v\u1edbi c\u00e1c khu v\u1ef1c kh\u00e1c, h\u1ecdc vi\u00ean c\u00f3 th\u1ec3 tham gia l\u1edbp h\u1ecdc tr\u1ef1c tuy\u1ebfn (online).<br \/>\nC\u00e1c kh\u00f3a h\u1ecdc ch\u1ee7 y\u1ebfu l\u00e0 h\u1ecdc 1 k\u00e8m 1, nh\u01b0ng c\u0169ng c\u00f3 th\u1ec3 t\u1ed5 ch\u1ee9c l\u1edbp h\u1ecdc theo nh\u00f3m t\u00f9y theo nhu c\u1ea7u c\u1ee7a t\u1eebng h\u1ecdc vi\u00ean ho\u1eb7c doanh nghi\u1ec7p. Ch\u00fang t\u00f4i cung c\u1ea5p nhi\u1ec1u ch\u01b0\u01a1ng tr\u00ecnh \u0111a d\u1ea1ng nh\u01b0 kh\u00f3a c\u01a1 b\u1ea3n, h\u1ed9i tho\u1ea1i, trung c\u1ea5p v\u00e0 cao c\u1ea5p, \u0111\u01b0\u1ee3c thi\u1ebft k\u1ebf linh ho\u1ea1t \u0111\u1ec3 ph\u00f9 h\u1ee3p v\u1edbi m\u1ee5c ti\u00eau v\u00e0 tr\u00ecnh \u0111\u1ed9 c\u1ee7a ng\u01b0\u1eddi h\u1ecdc.<\/p>\n<\/div>\n<\/div>\n<\/div>\n<\/div>\n<div class=\"fe_row reverse\">\n<div class=\"fe_box\">\n<div class=\"fe_img\">\n<p><img decoding=\"async\" src=\"https:\/\/kosaidovn.com\/wp\/wp-content\/themes\/kosaido\/images\/fe_img06.jpg\" alt=\"C\u00e1c d\u1ecbch v\u1ee5 t\u01b0 v\u1ea5n kh\u00e1c\"><\/p>\n<div class=\"fe_number\">\n<p>06<\/p>\n<\/div>\n<\/div>\n<div class=\"fe_info\">\n<div class=\"fe_info_ttl\">\n<h3>C\u00e1c d\u1ecbch v\u1ee5 t\u01b0 v\u1ea5n kh\u00e1c<\/h3>\n<\/div>\n<div class=\"fe_info_des\">\n<p>Ngo\u00e0i ra, ch\u00fang t\u00f4i c\u00f2n h\u1ed7 tr\u1ee3 t\u01b0 v\u1ea5n li\u00ean quan \u0111\u1ebfn vi\u1ec7c m\u1edf r\u1ed9ng ho\u1ea1t \u0111\u1ed9ng kinh doanh t\u1ea1i Vi\u1ec7t Nam c\u0169ng nh\u01b0 x\u00e2y d\u1ef1ng v\u00e0 v\u1eadn h\u00e0nh h\u1ec7 th\u1ed1ng nh\u00e2n s\u1ef1. Trong th\u1eddi gian qua, ch\u00fang t\u00f4i \u0111\u00e3 th\u1ef1c hi\u1ec7n nhi\u1ec1u d\u1ef1 \u00e1n h\u1ed7 tr\u1ee3 doanh nghi\u1ec7p Nh\u1eadt B\u1ea3n nh\u01b0: T\u01b0 v\u1ea5n v\u00e0 h\u1ed7 tr\u1ee3 xin gi\u1ea5y ph\u00e9p kinh doanh khi m\u1edf chi nh\u00e1nh t\u1ea1i Vi\u1ec7t Nam, T\u01b0 v\u1ea5n x\u00e2y d\u1ef1ng h\u1ec7 th\u1ed1ng v\u00e0 quy ch\u1ebf nh\u00e2n s\u1ef1,&#8230;<br \/>\nV\u1edbi th\u00e0nh t\u00edch th\u1ef1c t\u1ebf v\u1eefng ch\u1eafc v\u00e0 m\u1ea1ng l\u01b0\u1edbi quan h\u1ec7 r\u1ed9ng r\u00e3i t\u1ea1i Vi\u1ec7t Nam, ch\u00fang t\u00f4i lu\u00f4n \u0111\u1ed3ng h\u00e0nh v\u00e0 h\u1ed7 tr\u1ee3 t\u1eadn t\u00e2m \u0111\u1ec3 gi\u00fap gi\u1ea3i quy\u1ebft nh\u1eefng kh\u00f3 kh\u0103n, th\u00e1ch th\u1ee9c c\u1ee7a doanh nghi\u1ec7p m\u1ed9t c\u00e1ch hi\u1ec7u qu\u1ea3 nh\u1ea5t.<\/p>\n<\/div>\n<\/div>\n<\/div>\n<\/div>\n<\/div>\n<\/section>\n<\/div>\n","protected":false},"excerpt":{"rendered":"<p>T\u1ed5ng quan v\u1ec1 c\u00e1c d\u1ecbch v\u1ee5 c\u1ee7a KOSAIDO Kosaido HR Vietnam n\u1ed5i b\u1eadt v\u1edbi d\u1ecbch v\u1ee5 tr\u1ecdn g\u00f3i, ch\u1ea5t l\u01b0\u1ee3ng cao, \u0111\u01b0\u1ee3c cung c\u1ea5p b\u1edfi c\u00e1c chuy\u00ean gia trong t\u1eebng l\u0129nh v\u1ef1c. D\u1ecbch v\u1ee5 tuy\u1ec3n d\u1ee5ng c\u1ee7a ch\u00fang t\u00f4i \u0111\u01b0\u1ee3c ph\u1ee5 tr\u00e1ch b\u1edfi c\u00e1c chuy\u00ean gia t\u01b0 v\u1ea5n Nh\u1eadt B\u1ea3n gi\u00e0u kinh nghi\u1ec7m tuy\u1ec3n d\u1ee5ng [&hellip;]<\/p>\n","protected":false},"author":1,"featured_media":0,"parent":0,"menu_order":0,"comment_status":"closed","ping_status":"closed","template":"","meta":{"_acf_changed":false,"_locale":"vi","_original_post":"https:\/\/kosaidovn.com\/wp\/?page_id=22","footnotes":""},"class_list":["post-166","page","type-page","status-publish","hentry","vi"],"acf":[],"aioseo_notices":[],"_links":{"self":[{"href":"https:\/\/kosaidovn.com\/wp-json\/wp\/v2\/pages\/166","targetHints":{"allow":["GET"]}}],"collection":[{"href":"https:\/\/kosaidovn.com\/wp-json\/wp\/v2\/pages"}],"about":[{"href":"https:\/\/kosaidovn.com\/wp-json\/wp\/v2\/types\/page"}],"author":[{"embeddable":true,"href":"https:\/\/kosaidovn.com\/wp-json\/wp\/v2\/users\/1"}],"replies":[{"embeddable":true,"href":"https:\/\/kosaidovn.com\/wp-json\/wp\/v2\/comments?post=166"}],"version-history":[{"count":8,"href":"https:\/\/kosaidovn.com\/wp-json\/wp\/v2\/pages\/166\/revisions"}],"predecessor-version":[{"id":174,"href":"https:\/\/kosaidovn.com\/wp-json\/wp\/v2\/pages\/166\/revisions\/174"}],"wp:attachment":[{"href":"https:\/\/kosaidovn.com\/wp-json\/wp\/v2\/media?parent=166"}],"curies":[{"name":"wp","href":"https:\/\/api.w.org\/{rel}","templated":true}]}}