{"id":187,"date":"2025-10-31T07:23:30","date_gmt":"2025-10-31T07:23:30","guid":{"rendered":"https:\/\/kosaidovn.com\/wp\/?page_id=187"},"modified":"2026-04-09T08:01:04","modified_gmt":"2026-04-09T08:01:04","slug":"job-application","status":"publish","type":"page","link":"https:\/\/kosaidovn.com\/vi\/job-application\/","title":{"rendered":"\u1ee8ng tuy\u1ec3n vi\u1ec7c l\u00e0m"},"content":{"rendered":"<div class=\"contact_page\">\n<div class=\"contact_width\">\n<div class=\"wpcf7 no-js\" id=\"wpcf7-f178-o1\" lang=\"en-US\" dir=\"ltr\" data-wpcf7-id=\"178\">\n<div class=\"screen-reader-response\"><p role=\"status\" aria-live=\"polite\" aria-atomic=\"true\"><\/p> <ul><\/ul><\/div>\n<form action=\"\/vi\/wp-json\/wp\/v2\/pages\/187#wpcf7-f178-o1\" method=\"post\" class=\"wpcf7-form init\" aria-label=\"Contact form\" enctype=\"multipart\/form-data\" novalidate=\"novalidate\" data-status=\"init\">\n<fieldset class=\"hidden-fields-container\"><input type=\"hidden\" name=\"_wpcf7\" value=\"178\" \/><input type=\"hidden\" name=\"_wpcf7_version\" value=\"6.1.5\" \/><input type=\"hidden\" name=\"_wpcf7_locale\" value=\"en_US\" \/><input type=\"hidden\" name=\"_wpcf7_unit_tag\" value=\"wpcf7-f178-o1\" \/><input type=\"hidden\" name=\"_wpcf7_container_post\" value=\"0\" \/><input type=\"hidden\" name=\"_wpcf7_posted_data_hash\" value=\"\" \/>\n<\/fieldset>\n<table class=\"tb_block\">\n\t<tr>\n\t\t<th>\n\t\t\t<p>T\u00ean<span class=\"must\">B\u1eaft bu\u1ed9c<\/span>\n\t\t\t<\/p>\n\t\t<\/th>\n\t\t<td>\n\t\t\t<p><span class=\"wpcf7-form-control-wrap\" data-name=\"your-name\"><input size=\"40\" maxlength=\"400\" class=\"wpcf7-form-control wpcf7-text wpcf7-validates-as-required input_class\" aria-required=\"true\" aria-invalid=\"false\" value=\"\" type=\"text\" name=\"your-name\" \/><\/span>\n\t\t\t<\/p>\n\t\t<\/td>\n\t<\/tr>\n\t<tr>\n\t\t<th>\n\t\t\t<p>\u0110\u1ecba ch\u1ec9 Email<span class=\"must\">B\u1eaft bu\u1ed9c<\/span>\n\t\t\t<\/p>\n\t\t<\/th>\n\t\t<td>\n\t\t\t<p><span class=\"wpcf7-form-control-wrap\" data-name=\"your-email\"><input size=\"40\" maxlength=\"400\" class=\"wpcf7-form-control wpcf7-text wpcf7-validates-as-required input_class\" aria-required=\"true\" aria-invalid=\"false\" value=\"\" type=\"text\" name=\"your-email\" \/><\/span>\n\t\t\t<\/p>\n\t\t<\/td>\n\t<\/tr>\n\t<tr>\n\t\t<th>\n\t\t\t<p>S\u1ed1 \u0111i\u1ec7n tho\u1ea1i<span class=\"must\">B\u1eaft bu\u1ed9c<\/span>\n\t\t\t<\/p>\n\t\t<\/th>\n\t\t<td>\n\t\t\t<div class=\"td_flex\">\n\t\t\t\t<div class=\"select_area\">\n\t\t\t\t\t<p><span class=\"wpcf7-form-control-wrap\" data-name=\"select_area\"><select class=\"wpcf7-form-control wpcf7-select wpcf7-validates-as-required input_class\" aria-required=\"true\" aria-invalid=\"false\" name=\"select_area\"><option value=\"\">M\u00e3 qu\u1ed1c gia<\/option><option value=\"+81(Nh\u1eadt B\u1ea3n)\">+81(Nh\u1eadt B\u1ea3n)<\/option><option value=\"+44(Anh)\">+44(Anh)<\/option><option value=\"+84(Vi\u1ec7t Nam)\">+84(Vi\u1ec7t Nam)<\/option><\/select><\/span>\n\t\t\t\t\t<\/p>\n\t\t\t\t<\/div>\n\t\t\t\t<div class=\"tel_number\">\n\t\t\t\t\t<p><span class=\"wpcf7-form-control-wrap\" data-name=\"your-tel\"><input size=\"40\" maxlength=\"400\" class=\"wpcf7-form-control wpcf7-text wpcf7-validates-as-required input_class\" aria-required=\"true\" aria-invalid=\"false\" value=\"\" type=\"text\" name=\"your-tel\" \/><\/span>\n\t\t\t\t\t<\/p>\n\t\t\t\t<\/div>\n\t\t\t<\/div>\n\t\t<\/td>\n\t<\/tr>\n\t<tr>\n\t\t<th>\n\t\t\t<p>Lo\u1ea1i y\u00eau c\u1ea7u<span class=\"must\">B\u1eaft bu\u1ed9c<\/span>\n\t\t\t<\/p>\n\t\t<\/th>\n\t\t<td>\n\t\t\t<p><span class=\"wpcf7-form-control-wrap\" data-name=\"your-type\"><span class=\"wpcf7-form-control wpcf7-checkbox wpcf7-validates-as-required input_class\"><span class=\"wpcf7-list-item first\"><label><input type=\"checkbox\" name=\"your-type[]\" value=\"Th\u00f4ng tin tuy\u1ec3n d\u1ee5ng, h\u1ed7 tr\u1ee3 thay \u0111\u1ed5i c\u00f4ng vi\u1ec7c, h\u1ed7 tr\u1ee3 ngh\u1ec1 nghi\u1ec7p\" \/><span class=\"wpcf7-list-item-label\">Th\u00f4ng tin tuy\u1ec3n d\u1ee5ng, h\u1ed7 tr\u1ee3 thay \u0111\u1ed5i c\u00f4ng vi\u1ec7c, h\u1ed7 tr\u1ee3 ngh\u1ec1 nghi\u1ec7p<\/span><\/label><\/span><span class=\"wpcf7-list-item last\"><label><input type=\"checkbox\" name=\"your-type[]\" value=\"Kh\u00e1c\" \/><span class=\"wpcf7-list-item-label\">Kh\u00e1c<\/span><\/label><\/span><\/span><\/span>\n\t\t\t<\/p>\n\t\t<\/td>\n\t<\/tr>\n\t<tr>\n\t\t<th>\n\t\t\t<p>H\u1ed3 s\u01a1\n\t\t\t<\/p>\n\t\t<\/th>\n\t\t<td>\n\t\t\t<p><span class=\"wpcf7-form-control-wrap\" data-name=\"your-file01\"><input size=\"40\" class=\"wpcf7-form-control wpcf7-file input_class\" accept=\"image\/*,audio\/*,video\/*,.pdf,.doc,.docx,.xls,.xlsx,.ppt,.pptx,.zip,.rar\" aria-invalid=\"false\" type=\"file\" name=\"your-file01\" \/><\/span>\n\t\t\t<\/p>\n\t\t<\/td>\n\t<\/tr>\n\t<tr>\n\t\t<th>\n\t\t\t<p>H\u1ed3 s\u01a1\n\t\t\t<\/p>\n\t\t<\/th>\n\t\t<td>\n\t\t\t<p><span class=\"wpcf7-form-control-wrap\" data-name=\"your-file02\"><input size=\"40\" class=\"wpcf7-form-control wpcf7-file input_class\" accept=\"image\/*,audio\/*,video\/*,.pdf,.doc,.docx,.xls,.xlsx,.ppt,.pptx,.zip,.rar\" aria-invalid=\"false\" type=\"file\" name=\"your-file02\" \/><\/span>\n\t\t\t<\/p>\n\t\t<\/td>\n\t<\/tr>\n\t<tr class=\"box_fix\">\n\t\t<th class=\"txt_top\">\n\t\t\t<p>Tin nh\u1eafn<span class=\"must\">B\u1eaft bu\u1ed9c<\/span>\n\t\t\t<\/p>\n\t\t<\/th>\n\t\t<td>\n\t\t\t<p><span class=\"wpcf7-form-control-wrap\" data-name=\"your-message\"><textarea cols=\"40\" rows=\"10\" maxlength=\"2000\" class=\"wpcf7-form-control wpcf7-textarea wpcf7-validates-as-required input_class\" aria-required=\"true\" aria-invalid=\"false\" name=\"your-message\"><\/textarea><\/span>\n\t\t\t<\/p>\n\t\t<\/td>\n\t<\/tr>\n\t<tr class=\"poli_custom01\">\n\t\t<td colspan=\"2\">\n\t\t\t<div class=\"box_checkpoli no_space\">\n\t\t\t\t<p><span class=\"wpcf7-form-control-wrap\" data-name=\"check01\"><span class=\"wpcf7-form-control wpcf7-checkbox wpcf7-validates-as-required input_class02\"><span class=\"wpcf7-list-item first last\"><label><input type=\"checkbox\" name=\"check01[]\" value=\"T\u00f4i \u0111\u00e3 \u0111\u1ecdc v\u00e0 ch\u1ea5p nh\u1eadn\" \/><span class=\"wpcf7-list-item-label\">T\u00f4i \u0111\u00e3 \u0111\u1ecdc v\u00e0 ch\u1ea5p nh\u1eadn<\/span><\/label><\/span><\/span><\/span><a href=\"https:\/\/kosaidovn.com\/vi\/privacy-policy\/\" target=\"_blank\" >ch\u00ednh s\u00e1ch b\u1ea3o m\u1eadt<\/a>\n\t\t\t\t<\/p>\n\t\t\t<\/div>\n\t\t<\/td>\n\t<\/tr>\n\t<tr class=\"poli_custom02\">\n\t\t<td  colspan=\"2\">\n\t\t\t<div class=\"box_checkpoli p02 no_space\">\n\t\t\t\t<p><span class=\"wpcf7-form-control-wrap\" data-name=\"check02\"><span class=\"wpcf7-form-control wpcf7-checkbox wpcf7-validates-as-required input_class02\"><span class=\"wpcf7-list-item first last\"><label><input type=\"checkbox\" name=\"check02[]\" value=\"Khi b\u1ea1n nh\u1ea5n n\u00fat g\u1eedi, th\u00f4ng tin s\u1ebd \u0111\u01b0\u1ee3c g\u1eedi \u0111i m\u00e0 kh\u00f4ng chuy\u1ec3n \u0111\u1ebfn m\u00e0n h\u00ecnh x\u00e1c nh\u1eadn. Vui l\u00f2ng ki\u1ec3m tra l\u1ea1i th\u00f4ng tin b\u1ea1n \u0111\u00e3 nh\u1eadp.\" \/><span class=\"wpcf7-list-item-label\">Khi b\u1ea1n nh\u1ea5n n\u00fat g\u1eedi, th\u00f4ng tin s\u1ebd \u0111\u01b0\u1ee3c g\u1eedi \u0111i m\u00e0 kh\u00f4ng chuy\u1ec3n \u0111\u1ebfn m\u00e0n h\u00ecnh x\u00e1c nh\u1eadn. Vui l\u00f2ng ki\u1ec3m tra l\u1ea1i th\u00f4ng tin b\u1ea1n \u0111\u00e3 nh\u1eadp.<\/span><\/label><\/span><\/span><\/span>\n\t\t\t\t<\/p>\n\t\t\t<\/div>\n\t\t<\/td>\n\t<\/tr>\n<\/table>\n<div class=\"contact_button\">\n\t<p><input class=\"wpcf7-form-control wpcf7-submit has-spinner btn_contact\" type=\"submit\" value=\"G\u1eedi\" \/>\n\t<\/p>\n<\/div><div class=\"wpcf7-response-output\" aria-hidden=\"true\"><\/div>\n<\/form>\n<\/div>\n<\/div>\n<\/div>\n","protected":false},"excerpt":{"rendered":"","protected":false},"author":1,"featured_media":0,"parent":0,"menu_order":0,"comment_status":"closed","ping_status":"closed","template":"","meta":{"_acf_changed":false,"_locale":"vi","_original_post":"https:\/\/kosaidovn.com\/wp\/?page_id=52","footnotes":""},"class_list":["post-187","page","type-page","status-publish","hentry","vi"],"acf":[],"aioseo_notices":[],"_links":{"self":[{"href":"https:\/\/kosaidovn.com\/wp-json\/wp\/v2\/pages\/187","targetHints":{"allow":["GET"]}}],"collection":[{"href":"https:\/\/kosaidovn.com\/wp-json\/wp\/v2\/pages"}],"about":[{"href":"https:\/\/kosaidovn.com\/wp-json\/wp\/v2\/types\/page"}],"author":[{"embeddable":true,"href":"https:\/\/kosaidovn.com\/wp-json\/wp\/v2\/users\/1"}],"replies":[{"embeddable":true,"href":"https:\/\/kosaidovn.com\/wp-json\/wp\/v2\/comments?post=187"}],"version-history":[{"count":8,"href":"https:\/\/kosaidovn.com\/wp-json\/wp\/v2\/pages\/187\/revisions"}],"predecessor-version":[{"id":328,"href":"https:\/\/kosaidovn.com\/wp-json\/wp\/v2\/pages\/187\/revisions\/328"}],"wp:attachment":[{"href":"https:\/\/kosaidovn.com\/wp-json\/wp\/v2\/media?parent=187"}],"curies":[{"name":"wp","href":"https:\/\/api.w.org\/{rel}","templated":true}]}}