{"id":197,"date":"2025-10-31T08:01:07","date_gmt":"2025-10-31T08:01:07","guid":{"rendered":"https:\/\/kosaidovn.com\/wp\/?page_id=197"},"modified":"2025-12-23T05:25:39","modified_gmt":"2025-12-23T05:25:39","slug":"privacy-policy","status":"publish","type":"page","link":"https:\/\/kosaidovn.com\/vi\/privacy-policy\/","title":{"rendered":"\u0110i\u1ec1u kho\u1ea3n &#038; B\u1ea3o m\u1eadt th\u00f4ng tin c\u00e1 nh\u00e2n"},"content":{"rendered":"<div class=\"privacy_page\">\n<h3>\u0110i\u1ec1u kho\u1ea3n s\u1eed d\u1ee5ng v\u00e0 Ch\u00ednh s\u00e1ch b\u1ea3o m\u1eadt th\u00f4ng tin c\u00e1 nh\u00e2n<\/h3>\n<div class=\"clearfix mb50\">\n<p><span class=\"fs24 fw500\">V\u1ec1 vi\u1ec7c x\u1eed l\u00fd th\u00f4ng tin c\u00e1 nh\u00e2n<\/span><br \/>\nC\u00f4ng ty KOSAIDO HR VIETNAM COMPANY LIMITED tu\u00e2n th\u1ee7 nghi\u00eam ng\u1eb7t c\u00e1c quy \u0111\u1ecbnh trong Ngh\u1ecb \u0111\u1ecbnh s\u1ed1 13\/2023\/N\u0110-CP v\u1ec1 b\u1ea3o v\u1ec7 d\u1eef li\u1ec7u c\u00e1 nh\u00e2n (c\u00f3 hi\u1ec7u l\u1ef1c t\u1eeb ng\u00e0y 01\/7\/2023), Lu\u1eadt An to\u00e0n th\u00f4ng tin m\u1ea1ng s\u1ed1 86\/2015\/QH13 (c\u00f3 hi\u1ec7u l\u1ef1c t\u1eeb ng\u00e0y 01\/7\/2016), c\u00f9ng c\u00e1c v\u0103n b\u1ea3n ph\u00e1p lu\u1eadt c\u00f3 li\u00ean quan kh\u00e1c (nh\u01b0 Lu\u1eadt C\u00f4ng ngh\u1ec7 th\u00f4ng tin s\u1ed1 67\/2006\/QH11, Lu\u1eadt Vi\u1ec5n th\u00f4ng s\u1ed1 41\/2009\/QH12, Ngh\u1ecb \u0111\u1ecbnh s\u1ed1 72\/2013\/N\u0110-CP c\u1ee7a Ch\u00ednh ph\u1ee7 v\u1ec1 qu\u1ea3n l\u00fd, cung c\u1ea5p v\u00e0 s\u1eed d\u1ee5ng d\u1ecbch v\u1ee5 Internet v\u00e0 n\u1ed9i dung th\u00f4ng tin tr\u00ean m\u1ea1ng, v.v.).\u2028C\u00f4ng ty ch\u00fang t\u00f4i cam k\u1ebft x\u1eed l\u00fd th\u00f4ng tin c\u00e1 nh\u00e2n c\u1ee7a kh\u00e1ch h\u00e0ng m\u1ed9t c\u00e1ch th\u00edch h\u1ee3p, \u0111\u1ed3ng th\u1eddi n\u1ed7 l\u1ef1c b\u1ea3o v\u1ec7 quy\u1ec1n ri\u00eang t\u01b0 c\u1ee7a kh\u00e1ch h\u00e0ng.<br \/>\nNgo\u00e0i ra, \u0111\u1ec3 b\u1ea3o \u0111\u1ea3m vi\u1ec7c b\u1ea3o v\u1ec7 th\u00f4ng tin c\u00e1 nh\u00e2n, C\u00f4ng ty quy \u0111\u1ecbnh ch\u00ednh s\u00e1ch b\u1ea3o m\u1eadt nh\u01b0 sau:<\/p>\n<\/div>\n<div class=\"clearfix mb50\">\n<p><span class=\"bold fs20\">1. \u0110\u1ecbnh ngh\u0129a v\u1ec1 th\u00f4ng tin c\u00e1 nh\u00e2n<\/span><br \/>\n\u201cTh\u00f4ng tin c\u00e1 nh\u00e2n\u201d l\u00e0 nh\u1eefng th\u00f4ng tin c\u00f3 th\u1ec3 x\u00e1c \u0111\u1ecbnh \u0111\u01b0\u1ee3c danh t\u00ednh c\u1ee7a m\u1ed9t c\u00e1 nh\u00e2n c\u1ee5 th\u1ec3, nh\u01b0 \u0111\u1ecba ch\u1ec9, h\u1ecd t\u00ean, n\u01a1i l\u00e0m vi\u1ec7c, ch\u1ee9c danh, ch\u1ee9c v\u1ee5, s\u1ed1 \u0111i\u1ec7n tho\u1ea1i, \u0111\u1ecba ch\u1ec9 email, ho\u1eb7c c\u00e1c th\u00f4ng tin kh\u00e1c (bao g\u1ed3m c\u1ea3 nh\u1eefng th\u00f4ng tin c\u00f3 th\u1ec3 d\u1ec5 d\u00e0ng \u0111\u1ed1i chi\u1ebfu v\u1edbi th\u00f4ng tin kh\u00e1c \u0111\u1ec3 x\u00e1c \u0111\u1ecbnh \u0111\u01b0\u1ee3c c\u00e1 nh\u00e2n c\u1ee5 th\u1ec3).<\/p>\n<\/div>\n<div class=\"clearfix mb50\">\n<p><span class=\"bold fs20\">2. M\u1ee5c \u0111\u00edch s\u1eed d\u1ee5ng th\u00f4ng tin c\u00e1 nh\u00e2n<\/span><br \/>\nCh\u00fang t\u00f4i s\u1eed d\u1ee5ng th\u00f4ng tin c\u00e1 nh\u00e2n cho c\u00e1c m\u1ee5c \u0111\u00edch sau v\u00e0 s\u1ebd kh\u00f4ng x\u1eed l\u00fd v\u01b0\u1ee3t qu\u00e1 ph\u1ea1m vi c\u1ea7n thi\u1ebft \u0111\u1ec3 \u0111\u1ea1t \u0111\u01b0\u1ee3c c\u00e1c m\u1ee5c \u0111\u00edch \u0111\u00f3 m\u00e0 kh\u00f4ng c\u00f3 s\u1ef1 \u0111\u1ed3ng \u00fd c\u1ee7a c\u00e1 nh\u00e2n \u0111\u01b0\u1ee3c th\u00f4ng tin li\u00ean quan. Ngo\u00e0i ra, n\u1ebfu c\u00f3 b\u1ea5t k\u1ef3 m\u1ee5c \u0111\u00edch s\u1eed d\u1ee5ng c\u1ee5 th\u1ec3 n\u00e0o kh\u00e1c ngo\u00e0i nh\u1eefng m\u1ee5c \u0111\u00edch sau, ch\u00fang t\u00f4i s\u1ebd n\u00eau r\u00f5 trong t\u1eebng tr\u01b0\u1eddng h\u1ee3p.<br \/>\nX\u00e1c nh\u1eadn \u0111\u0103ng k\u00fd, \u0111\u01a1n xin, h\u1ee3p \u0111\u1ed3ng ho\u1eb7c \u0111\u01a1n \u0111\u1eb7t h\u00e0ng<br \/>\nCung c\u1ea5p c\u00e1c lo\u1ea1i d\u1ecbch v\u1ee5 (bao g\u1ed3m th\u01b0\u01a1ng m\u1ea1i \u0111i\u1ec7n t\u1eed, thanh to\u00e1n, giao h\u00e0ng&#8230;)<br \/>\nC\u1ea3i thi\u1ec7n ch\u1ea5t l\u01b0\u1ee3ng d\u1ecbch v\u1ee5, ph\u00e1t tri\u1ec3n d\u1ecbch v\u1ee5 m\u1edbi<br \/>\nTh\u1ef1c hi\u1ec7n c\u00e1c ho\u1ea1t \u0111\u1ed9ng x\u00fac ti\u1ebfn th\u01b0\u01a1ng m\u1ea1i<br \/>\nT\u1ed5 ch\u1ee9c kh\u1ea3o s\u00e1t, b\u1ed1c th\u0103m tr\u00fang th\u01b0\u1edfng, g\u1eedi qu\u00e0 t\u1eb7ng, th\u00f4ng b\u00e1o gi\u1ea3i th\u01b0\u1edfng<br \/>\nT\u1ea1o d\u1eef li\u1ec7u th\u1ed1ng k\u00ea (kh\u00f4ng bao g\u1ed3m d\u1eef li\u1ec7u c\u00f3 th\u1ec3 x\u00e1c \u0111\u1ecbnh c\u00e1 nh\u00e2n)<br \/>\nG\u1eedi th\u00f4ng tin v\u1ec1 d\u1ecbch v\u1ee5, h\u1ed9i th\u1ea3o, s\u1ef1 ki\u1ec7n<br \/>\nH\u1ed7 tr\u1ee3 tuy\u1ec3n d\u1ee5ng, \u0111\u00e1nh gi\u00e1 kh\u1ea3 n\u0103ng \u1ee9ng tuy\u1ec3n<\/p>\n<\/div>\n<div class=\"clearfix mb50\">\n<p><span class=\"bold fs20\">3. V\u1ec1 vi\u1ec7c thu th\u1eadp th\u00f4ng tin c\u00e1 nh\u00e2n<\/span><br \/>\nC\u00f4ng ty s\u1ebd thu th\u1eadp th\u00f4ng tin c\u00e1 nh\u00e2n m\u1ed9t c\u00e1ch h\u1ee3p ph\u00e1p v\u00e0 ph\u00f9 h\u1ee3p.\u2028Khi thu th\u1eadp th\u00f4ng tin, C\u00f4ng ty s\u1ebd th\u00f4ng b\u00e1o ho\u1eb7c c\u00f4ng khai m\u1ee5c \u0111\u00edch s\u1eed d\u1ee5ng cho ng\u01b0\u1eddi cung c\u1ea5p th\u00f4ng tin.\u2028N\u1ebfu m\u1ee5c \u0111\u00edch s\u1eed d\u1ee5ng thay \u0111\u1ed5i, C\u00f4ng ty s\u1ebd th\u00f4ng b\u00e1o l\u1ea1i ho\u1eb7c c\u00f4ng b\u1ed1 r\u00f5 trong Ch\u00ednh s\u00e1ch b\u1ea3o m\u1eadt n\u00e0y.<\/p>\n<\/div>\n<div class=\"clearfix mb50\">\n<p><span class=\"bold fs20\">4. B\u1ea3o \u0111\u1ea3m t\u00ednh ch\u00ednh x\u00e1c c\u1ee7a th\u00f4ng tin c\u00e1 nh\u00e2n<\/span><br \/>\nC\u00f4ng ty s\u1ebd n\u1ed7 l\u1ef1c \u0111\u1ec3 b\u1ea3o \u0111\u1ea3m th\u00f4ng tin c\u00e1 nh\u00e2n lu\u00f4n ch\u00ednh x\u00e1c v\u00e0 \u0111\u01b0\u1ee3c c\u1eadp nh\u1eadt m\u1edbi nh\u1ea5t.<\/p>\n<\/div>\n<div class=\"clearfix mb50\">\n<p><span class=\"bold fs20\">5. Bi\u1ec7n ph\u00e1p qu\u1ea3n l\u00fd an to\u00e0n<\/span><br \/>\nC\u00f4ng ty s\u1ebd l\u01b0u tr\u1eef v\u00e0 qu\u1ea3n l\u00fd nghi\u00eam ng\u1eb7t th\u00f4ng tin c\u00e1 nh\u00e2n, \u00e1p d\u1ee5ng c\u00e1c bi\u1ec7n ph\u00e1p c\u1ea7n thi\u1ebft \u0111\u1ec3 ng\u0103n ch\u1eb7n r\u00f2 r\u1ec9, m\u1ea5t m\u00e1t, h\u01b0 h\u1ea1i ho\u1eb7c truy c\u1eadp tr\u00e1i ph\u00e9p.<\/p>\n<\/div>\n<div class=\"clearfix mb50\">\n<p><span class=\"bold fs20\">6. Gi\u00e1m s\u00e1t nh\u00e2n vi\u00ean v\u00e0 b\u00ean th\u1ee9 ba \u0111\u01b0\u1ee3c \u1ee7y th\u00e1c<\/span><br \/>\nC\u00f4ng ty s\u1ebd \u0111\u00e0o t\u1ea1o, h\u01b0\u1edbng d\u1eabn v\u00e0 gi\u00e1m s\u00e1t nh\u00e2n vi\u00ean trong vi\u1ec7c x\u1eed l\u00fd th\u00f4ng tin c\u00e1 nh\u00e2n.\u2028Tr\u01b0\u1eddng h\u1ee3p \u1ee7y th\u00e1c x\u1eed l\u00fd th\u00f4ng tin cho b\u00ean th\u1ee9 ba, C\u00f4ng ty s\u1ebd th\u1ef1c hi\u1ec7n c\u00e1c bi\u1ec7n ph\u00e1p th\u00edch h\u1ee3p \u0111\u1ec3 b\u1ea3o \u0111\u1ea3m an to\u00e0n.<\/p>\n<\/div>\n<div class=\"clearfix mb50\">\n<p><span class=\"bold fs20\">7. Cung c\u1ea5p cho b\u00ean th\u1ee9 ba<\/span><br \/>\nC\u00f4ng ty s\u1ebd kh\u00f4ng cung c\u1ea5p th\u00f4ng tin c\u00e1 nh\u00e2n cho b\u00ean th\u1ee9 ba n\u1ebfu kh\u00f4ng c\u00f3 s\u1ef1 \u0111\u1ed3ng \u00fd c\u1ee7a ng\u01b0\u1eddi cung c\u1ea5p th\u00f4ng tin, tr\u1eeb c\u00e1c tr\u01b0\u1eddng h\u1ee3p sau:<br \/>\nKhi c\u1ea7n thi\u1ebft \u0111\u1ec3 th\u1ef1c hi\u1ec7n m\u1ee5c \u0111\u00edch \u0111\u00e3 n\u00eau<br \/>\nKhi ph\u00e1p lu\u1eadt y\u00eau c\u1ea7u<\/p>\n<\/div>\n<div class=\"clearfix mb50\">\n<p><span class=\"bold fs20\">8. S\u1eed d\u1ee5ng chung th\u00f4ng tin c\u00e1 nh\u00e2n<\/span><br \/>\nPh\u1ea1m vi s\u1eed d\u1ee5ng chung: To\u00e0n b\u1ed9 th\u00f4ng tin c\u00e1 nh\u00e2n do C\u00f4ng ty thu th\u1eadp<br \/>\n\u0110\u1ed1i t\u01b0\u1ee3ng s\u1eed d\u1ee5ng chung: C\u00f4ng ty m\u1eb9 \u2014 Kosaido Business Support COMPANY LIMITED<br \/>\nM\u1ee5c \u0111\u00edch:<br \/>\n+ T\u1ea1o \u0111i\u1ec1u ki\u1ec7n \u0111\u1ec3 kh\u00e1ch h\u00e0ng c\u00f3 th\u1ec3 s\u1eed d\u1ee5ng \u0111\u1ed3ng b\u1ed9 c\u00e1c d\u1ecbch v\u1ee5 do c\u00e1c b\u00ean trong nh\u00f3m cung c\u1ea5p<br \/>\n+ Gi\u1edbi thi\u1ec7u th\u00f4ng tin, s\u1ea3n ph\u1ea9m, d\u1ecbch v\u1ee5 h\u1eefu \u00edch c\u1ee7a b\u00ean c\u00f9ng s\u1eed d\u1ee5ng<br \/>\n+ Th\u1ed1ng k\u00ea, t\u1ed5ng h\u1ee3p d\u1eef li\u1ec7u kh\u00f4ng \u0111\u1ecbnh danh \u0111\u1ec3 c\u1ea3i thi\u1ec7n d\u1ecbch v\u1ee5<br \/>\nB\u00ean ch\u1ecbu tr\u00e1ch nhi\u1ec7m qu\u1ea3n l\u00fd th\u00f4ng tin c\u00e1 nh\u00e2n:\u2028KOSAIDO HR VIETNAM COMPANY LIMITED<\/p>\n<\/div>\n<div class=\"clearfix mb50\">\n<p><span class=\"bold fs20\">9. V\u1ec1 vi\u1ec7c y\u00eau c\u1ea7u ho\u1eb7c khi\u1ebfu n\u1ea1i li\u00ean quan \u0111\u1ebfn th\u00f4ng tin c\u00e1 nh\u00e2n<\/span><br \/>\nKh\u00e1ch h\u00e0ng c\u00f3 th\u1ec3 y\u00eau c\u1ea7u th\u00f4ng b\u00e1o, ch\u1ec9nh s\u1eeda, b\u1ed5 sung, x\u00f3a, ng\u1eebng s\u1eed d\u1ee5ng ho\u1eb7c cung c\u1ea5p cho b\u00ean th\u1ee9 ba \u0111\u1ed1i v\u1edbi th\u00f4ng tin c\u00e1 nh\u00e2n c\u1ee7a m\u00ecnh.\u2028Khi g\u1eedi y\u00eau c\u1ea7u, c\u1ea7n cung c\u1ea5p gi\u1ea5y t\u1edd x\u00e1c minh danh t\u00ednh (CMND, h\u1ed9 chi\u1ebfu&#8230;).\u2028M\u1ecdi th\u1eafc m\u1eafc ho\u1eb7c khi\u1ebfu n\u1ea1i li\u00ean quan, vui l\u00f2ng li\u00ean h\u1ec7 theo th\u00f4ng tin \u1edf cu\u1ed1i v\u0103n b\u1ea3n n\u00e0y.<\/p>\n<\/div>\n<div class=\"clearfix mb50\">\n<p><span class=\"bold fs20\">10. V\u1ec1 vi\u1ec7c s\u1eed d\u1ee5ng d\u1eef li\u1ec7u th\u1ed1ng k\u00ea, g\u1eedi th\u01b0 qu\u1ea3ng c\u00e1o v\u00e0 Cookie<\/span><br \/>\nC\u00f4ng ty c\u00f3 th\u1ec3 s\u1eed d\u1ee5ng d\u1eef li\u1ec7u th\u1ed1ng k\u00ea kh\u00f4ng \u0111\u1ecbnh danh cho c\u00e1c m\u1ee5c \u0111\u00edch h\u1ee3p ph\u00e1p nh\u01b0 gi\u1edbi thi\u1ec7u d\u1ecbch v\u1ee5.<br \/>\nV\u1edbi s\u1ef1 \u0111\u1ed3ng \u00fd c\u1ee7a ng\u01b0\u1eddi d\u00f9ng, C\u00f4ng ty c\u00f3 th\u1ec3 g\u1eedi email marketing ho\u1eb7c th\u01b0 qu\u1ea3ng c\u00e1o mi\u1ec5n ph\u00ed.\u2028 Ng\u01b0\u1eddi d\u00f9ng c\u00f3 th\u1ec3 y\u00eau c\u1ea7u d\u1eebng nh\u1eadn c\u00e1c th\u00f4ng tin n\u00e0y b\u1ea5t k\u1ef3 l\u00fac n\u00e0o.<br \/>\nCookie: C\u00f4ng ty c\u00f3 th\u1ec3 thu th\u1eadp \u201cth\u00f4ng tin t\u1ed5ng h\u1ee3p\u201d ho\u1eb7c \u201cth\u00f4ng tin cookie\u201d \u0111\u1ec3 c\u1ea3i thi\u1ec7n tr\u1ea3i nghi\u1ec7m v\u00e0 v\u1eadn h\u00e0nh website.\u2028 Ng\u01b0\u1eddi d\u00f9ng c\u00f3 th\u1ec3 t\u1eaft cookie trong tr\u00ecnh duy\u1ec7t, nh\u01b0ng \u0111i\u1ec1u n\u00e0y c\u00f3 th\u1ec3 \u1ea3nh h\u01b0\u1edfng \u0111\u1ebfn ch\u1ee9c n\u0103ng c\u1ee7a website.<br \/>\nT\u1ec7p nh\u1eadt k\u00fd (log): D\u1eef li\u1ec7u truy c\u1eadp \u0111\u01b0\u1ee3c s\u1eed d\u1ee5ng ch\u1ec9 cho m\u1ee5c \u0111\u00edch th\u1ed1ng k\u00ea v\u00e0 qu\u1ea3n l\u00fd website, kh\u00f4ng li\u00ean k\u1ebft v\u1edbi th\u00f4ng tin c\u00e1 nh\u00e2n.<\/p>\n<\/div>\n<div class=\"clearfix mb50\">\n<p><span class=\"bold fs20\">11. Thay \u0111\u1ed5i Ch\u00ednh s\u00e1ch b\u1ea3o m\u1eadt<\/span><br \/>\nCh\u00ednh s\u00e1ch n\u00e0y c\u00f3 th\u1ec3 \u0111\u01b0\u1ee3c thay \u0111\u1ed5i m\u00e0 kh\u00f4ng c\u1ea7n th\u00f4ng b\u00e1o tr\u01b0\u1edbc, t\u00f9y theo s\u1ef1 thay \u0111\u1ed5i c\u1ee7a ph\u00e1p lu\u1eadt ho\u1eb7c quy\u1ebft \u0111\u1ecbnh c\u1ee7a C\u00f4ng ty.\u2028Phi\u00ean b\u1ea3n c\u1eadp nh\u1eadt s\u1ebd \u0111\u01b0\u1ee3c \u0111\u0103ng t\u1ea3i tr\u00ean trang web ch\u00ednh th\u1ee9c c\u1ee7a C\u00f4ng ty.<\/p>\n<\/div>\n<div class=\"clearfix mb50\">\n<p>Li\u00ean h\u1ec7 v\u1ec1 Th\u00f4ng tin C\u00e1 nh\u00e2n\u2028\u2028Vui l\u00f2ng li\u00ean h\u1ec7 v\u1edbi ch\u00fang t\u00f4i theo th\u00f4ng tin b\u00ean d\u01b0\u1edbi.<\/p>\n<\/div>\n<p class=\"btn thanks center\"><a href=\"https:\/\/kosaidovn.com\/\">Trang ch\u1ee7<\/a><\/p>\n<\/div>\n","protected":false},"excerpt":{"rendered":"<p>\u0110i\u1ec1u kho\u1ea3n s\u1eed d\u1ee5ng v\u00e0 Ch\u00ednh s\u00e1ch b\u1ea3o m\u1eadt th\u00f4ng tin c\u00e1 nh\u00e2n V\u1ec1 vi\u1ec7c x\u1eed l\u00fd th\u00f4ng tin c\u00e1 nh\u00e2n C\u00f4ng ty KOSAIDO HR VIETNAM COMPANY LIMITED tu\u00e2n th\u1ee7 nghi\u00eam ng\u1eb7t c\u00e1c quy \u0111\u1ecbnh trong Ngh\u1ecb \u0111\u1ecbnh s\u1ed1 13\/2023\/N\u0110-CP v\u1ec1 b\u1ea3o v\u1ec7 d\u1eef li\u1ec7u c\u00e1 nh\u00e2n (c\u00f3 hi\u1ec7u l\u1ef1c t\u1eeb ng\u00e0y 01\/7\/2023), Lu\u1eadt An [&hellip;]<\/p>\n","protected":false},"author":1,"featured_media":0,"parent":0,"menu_order":0,"comment_status":"closed","ping_status":"closed","template":"","meta":{"_acf_changed":false,"_locale":"vi","_original_post":"https:\/\/kosaidovn.com\/wp\/?page_id=61","footnotes":""},"class_list":["post-197","page","type-page","status-publish","hentry","vi"],"acf":[],"aioseo_notices":[],"_links":{"self":[{"href":"https:\/\/kosaidovn.com\/wp-json\/wp\/v2\/pages\/197","targetHints":{"allow":["GET"]}}],"collection":[{"href":"https:\/\/kosaidovn.com\/wp-json\/wp\/v2\/pages"}],"about":[{"href":"https:\/\/kosaidovn.com\/wp-json\/wp\/v2\/types\/page"}],"author":[{"embeddable":true,"href":"https:\/\/kosaidovn.com\/wp-json\/wp\/v2\/users\/1"}],"replies":[{"embeddable":true,"href":"https:\/\/kosaidovn.com\/wp-json\/wp\/v2\/comments?post=197"}],"version-history":[{"count":8,"href":"https:\/\/kosaidovn.com\/wp-json\/wp\/v2\/pages\/197\/revisions"}],"predecessor-version":[{"id":251,"href":"https:\/\/kosaidovn.com\/wp-json\/wp\/v2\/pages\/197\/revisions\/251"}],"wp:attachment":[{"href":"https:\/\/kosaidovn.com\/wp-json\/wp\/v2\/media?parent=197"}],"curies":[{"name":"wp","href":"https:\/\/api.w.org\/{rel}","templated":true}]}}